{"id":3432,"date":"2021-05-23T14:16:01","date_gmt":"2021-05-23T14:16:01","guid":{"rendered":"https:\/\/clinicadrrull.com\/maxillofacial-surgery\/"},"modified":"2022-05-02T21:01:26","modified_gmt":"2022-05-02T19:01:26","slug":"maxillofacial-surgery","status":"publish","type":"page","link":"https:\/\/clinicadrrull.com\/en\/maxillofacial-surgery\/","title":{"rendered":"Maxillofacial Surgery"},"content":{"rendered":"\t\t<div data-elementor-type=\"wp-post\" data-elementor-id=\"3432\" class=\"elementor elementor-3432 elementor-3363\" data-elementor-post-type=\"page\">\n\t\t\t\t\t\t<section class=\"elementor-section elementor-top-section elementor-element elementor-element-4a887ce elementor-section-boxed elementor-section-height-default elementor-section-height-default\" data-id=\"4a887ce\" data-element_type=\"section\" data-e-type=\"section\" data-settings=\"{&quot;background_background&quot;:&quot;classic&quot;}\">\n\t\t\t\t\t\t<div class=\"elementor-container elementor-column-gap-default\">\n\t\t\t\t\t<div class=\"elementor-column elementor-col-50 elementor-top-column elementor-element elementor-element-a2e0594\" data-id=\"a2e0594\" data-element_type=\"column\" data-e-type=\"column\" data-settings=\"{&quot;background_background&quot;:&quot;classic&quot;}\">\n\t\t\t<div class=\"elementor-widget-wrap elementor-element-populated\">\n\t\t\t\t\t\t<div class=\"elementor-element elementor-element-920db43 elementor-widget elementor-widget-heading\" data-id=\"920db43\" data-element_type=\"widget\" data-e-type=\"widget\" data-widget_type=\"heading.default\">\n\t\t\t\t\t<h3 class=\"elementor-heading-title elementor-size-default\">Maxillofacial Surgery<\/h3>\t\t\t\t<\/div>\n\t\t\t\t\t<\/div>\n\t\t<\/div>\n\t\t\t\t<div class=\"elementor-column elementor-col-50 elementor-top-column elementor-element elementor-element-ca9952c\" data-id=\"ca9952c\" data-element_type=\"column\" data-e-type=\"column\">\n\t\t\t<div class=\"elementor-widget-wrap\">\n\t\t\t\t\t\t\t<\/div>\n\t\t<\/div>\n\t\t\t\t\t<\/div>\n\t\t<\/section>\n\t\t\t\t<section class=\"elementor-section elementor-top-section elementor-element elementor-element-0a1cc3d elementor-section-boxed elementor-section-height-default elementor-section-height-default\" data-id=\"0a1cc3d\" data-element_type=\"section\" data-e-type=\"section\">\n\t\t\t\t\t\t<div class=\"elementor-container elementor-column-gap-extended\">\n\t\t\t\t\t<div class=\"elementor-column elementor-col-50 elementor-top-column elementor-element elementor-element-0aa94f6\" data-id=\"0aa94f6\" data-element_type=\"column\" data-e-type=\"column\">\n\t\t\t<div class=\"elementor-widget-wrap elementor-element-populated\">\n\t\t\t\t\t\t<div class=\"elementor-element elementor-element-7d0966f prueba elementor-widget elementor-widget-text-editor\" data-id=\"7d0966f\" data-element_type=\"widget\" data-e-type=\"widget\" data-widget_type=\"text-editor.default\">\n\t\t\t\t\t\t\t\t\t<p>Maxillofacial surgery is the medical-surgical specialty focusing on the study, diagnosis, treatment and rehabilitation of congenital or acquired diseases of the oral cavity, the facial skeleton and related cervical structures.<\/p>\n<p>The maxillofacial surgeon has extensive knowledge in oral and maxillofacial surgery that allow him to carry out complicated extractions, bone grafts and dental implants, among many other treatments.<\/p>\n<p>The following treatments are performed by a maxillofacial surgeon:<\/p>\n<p><span style=\"color: #2bc8ff;\">\u2022<\/span> Reconstruction of maxillary due to genetic malformation, accidents, etc.<br \/><span style=\"color: #2bc8ff;\">\u2022<\/span> Extraction of oral tumors.<br \/><span style=\"color: #2bc8ff;\">\u2022<\/span> Extraction of oral cysts.<br \/><span style=\"color: #2bc8ff;\">\u2022<\/span> Complex dental extractions.<br \/><span style=\"color: #2bc8ff;\">\u2022<\/span> Bone grafts.<br \/><span style=\"color: #2bc8ff;\">\u2022<\/span> Extraction of wisdom teeth close to the nerve.<br \/><span style=\"color: #2bc8ff;\">\u2022<\/span> Reconstructions and post cancer treatment in the head and neck area.<\/p>\n<p>In this way, doctors specialized in oral and maxillofacial surgery count on extensive experience in the diagnosis and treatment of all those problems related to the oral cavity, the face and the facial structure.<\/p>\n\t\t\t\t\t\t\t\t<\/div>\n\t\t\t\t<div class=\"elementor-element elementor-element-118ff4f prueba elementor-widget elementor-widget-text-editor\" data-id=\"118ff4f\" data-element_type=\"widget\" data-e-type=\"widget\" data-widget_type=\"text-editor.default\">\n\t\t\t\t\t\t\t\t\t<h6><span style=\"color: #333333;\"><strong>Wear a beautiful smile! What are you waiting for? Book your appointment now.<br \/><\/strong><\/span><\/h6>\n\t\t\t\t\t\t\t\t<\/div>\n\t\t\t\t\t<\/div>\n\t\t<\/div>\n\t\t\t\t<div class=\"elementor-column elementor-col-50 elementor-top-column elementor-element elementor-element-51ac9ab elementor-hidden-tablet\" data-id=\"51ac9ab\" data-element_type=\"column\" data-e-type=\"column\">\n\t\t\t<div class=\"elementor-widget-wrap elementor-element-populated\">\n\t\t\t\t\t\t<div class=\"elementor-element elementor-element-b03738a elementor-hidden-phone elementor-widget elementor-widget-wgl-portfolio\" data-id=\"b03738a\" data-element_type=\"widget\" data-e-type=\"widget\" data-widget_type=\"wgl-portfolio.default\">\n\t\t\t\t<div class=\"elementor-widget-container\">\n\t\t\t\t\t<section class=\"wgl_cpt_section\"><div class=\"wgl-portfolio\" id=\"portfolio_module_6a04b1e283ce3\"><div class=\"wgl-portfolio_wrapper\"><div class=\"wgl-portfolio_container container-grid row grid portfolio_columns-2 appear-animation anim-fade-in\"  style=\"margin-right:-2.5px; margin-left:-2.5px; margin-bottom:-5px;\"><\/div><\/div><\/div><\/section>\t\t\t\t<\/div>\n\t\t\t\t<\/div>\n\t\t\t\t\t<\/div>\n\t\t<\/div>\n\t\t\t\t\t<\/div>\n\t\t<\/section>\n\t\t\t\t<section class=\"elementor-section elementor-top-section elementor-element elementor-element-a234350 elementor-section-boxed elementor-section-height-default elementor-section-height-default\" data-id=\"a234350\" data-element_type=\"section\" data-e-type=\"section\">\n\t\t\t\t\t\t<div class=\"elementor-container elementor-column-gap-default\">\n\t\t\t\t\t<div class=\"elementor-column elementor-col-100 elementor-top-column elementor-element elementor-element-8930cd3\" data-id=\"8930cd3\" data-element_type=\"column\" data-e-type=\"column\">\n\t\t\t<div class=\"elementor-widget-wrap elementor-element-populated\">\n\t\t\t\t\t\t<div class=\"elementor-element elementor-element-b6b2af3 elementor-widget elementor-widget-spacer\" data-id=\"b6b2af3\" data-element_type=\"widget\" data-e-type=\"widget\" data-widget_type=\"spacer.default\">\n\t\t\t\t\t\t\t<div class=\"elementor-spacer\">\n\t\t\t<div class=\"elementor-spacer-inner\"><\/div>\n\t\t<\/div>\n\t\t\t\t\t\t<\/div>\n\t\t\t\t<div class=\"elementor-element elementor-element-1cd2f8a elementor-widget elementor-widget-heading\" data-id=\"1cd2f8a\" data-element_type=\"widget\" data-e-type=\"widget\" data-widget_type=\"heading.default\">\n\t\t\t\t\t<h4 class=\"elementor-heading-title elementor-size-default\">Our specialists<\/h4>\t\t\t\t<\/div>\n\t\t\t\t<div class=\"elementor-element elementor-element-eb6b85a elementor-widget elementor-widget-wgl-team\" data-id=\"eb6b85a\" data-element_type=\"widget\" data-e-type=\"widget\" data-widget_type=\"wgl-team.default\">\n\t\t\t\t<div class=\"elementor-widget-container\">\n\t\t\t\t\t\r\n        <div id=medify_team_6a04b1e2843a9 class=\"wgl_module_team team-col_4 aleft\">\r\n            <div class=\"team-items_wrap\"  style=\"margin-right:-15px; margin-left:-15px;\" >\r\n                <div class=\"team-item\" style=\"padding-right:15px; padding-left:15px; padding-bottom:30px;\"><div class=\"team-item_wrap\"><div class=\"team-item_content\"><div class=\"team-image\"><img decoding=\"async\" src=\"https:\/\/clinicadrrull.com\/wp-content\/uploads\/2019\/08\/Sara-540x640.jpg\" alt=\"\" \/><\/div><\/div><div class=\"team-item_info\"><div class=\"team-item_titles\"><h2 class=\"team-title\"><a href=\"https:\/\/clinicadrrull.com\/en\/team\/sara-blanco-sanfrutos\/\">Sara Blanco Sanfrutos<\/a><\/h2><div class=\"team-department\">Oral and Maxillofacial Surgery<\/div><\/div><\/div><\/div><\/div>            <\/div>\r\n        <\/div>\r\n\r\n        \t\t\t\t<\/div>\n\t\t\t\t<\/div>\n\t\t\t\t\t<\/div>\n\t\t<\/div>\n\t\t\t\t\t<\/div>\n\t\t<\/section>\n\t\t\t\t<section class=\"elementor-section elementor-top-section elementor-element elementor-element-856b158 elementor-section-boxed elementor-section-height-default elementor-section-height-default\" data-id=\"856b158\" data-element_type=\"section\" data-e-type=\"section\" data-settings=\"{&quot;background_background&quot;:&quot;classic&quot;}\">\n\t\t\t\t\t\t<div class=\"elementor-container elementor-column-gap-default\">\n\t\t\t\t\t<div class=\"elementor-column elementor-col-100 elementor-top-column elementor-element elementor-element-400c0ff4\" data-id=\"400c0ff4\" data-element_type=\"column\" data-e-type=\"column\">\n\t\t\t<div class=\"elementor-widget-wrap elementor-element-populated\">\n\t\t\t\t\t\t<section class=\"elementor-section elementor-inner-section elementor-element elementor-element-43de2eeb elementor-section-content-middle elementor-section-boxed elementor-section-height-default elementor-section-height-default\" data-id=\"43de2eeb\" data-element_type=\"section\" data-e-type=\"section\" data-settings=\"{&quot;background_background&quot;:&quot;classic&quot;}\">\n\t\t\t\t\t\t<div class=\"elementor-container elementor-column-gap-default\">\n\t\t\t\t\t<div class=\"elementor-column elementor-col-33 elementor-inner-column elementor-element elementor-element-46af5351\" data-id=\"46af5351\" data-element_type=\"column\" data-e-type=\"column\" data-settings=\"{&quot;background_background&quot;:&quot;classic&quot;}\">\n\t\t\t<div class=\"elementor-widget-wrap elementor-element-populated\">\n\t\t\t\t\t\t<div class=\"elementor-element elementor-element-54b26597 elementor-widget elementor-widget-spacer\" data-id=\"54b26597\" data-element_type=\"widget\" data-e-type=\"widget\" data-widget_type=\"spacer.default\">\n\t\t\t\t\t\t\t<div class=\"elementor-spacer\">\n\t\t\t<div class=\"elementor-spacer-inner\"><\/div>\n\t\t<\/div>\n\t\t\t\t\t\t<\/div>\n\t\t\t\t<div class=\"elementor-element elementor-element-60d0ca5e elementor-widget elementor-widget-wgl-double-headings\" data-id=\"60d0ca5e\" data-element_type=\"widget\" data-e-type=\"widget\" data-widget_type=\"wgl-double-headings.default\">\n\t\t\t\t<div class=\"elementor-widget-container\">\n\t\t\t\t\t<div class=\"wgl-double_heading aleft\">                <h3 class=\"dbl-title_wrapper\"><span class=\"dbl-title dbl-title_1\">Request your appointment online in a<\/span> <span class=\"dbl-title dbl-title_2\">few minutes.<\/span>                 <\/h3>        <\/div>\t\t\t\t<\/div>\n\t\t\t\t<\/div>\n\t\t\t\t<div class=\"elementor-element elementor-element-33371992 elementor-widget elementor-widget-spacer\" data-id=\"33371992\" data-element_type=\"widget\" data-e-type=\"widget\" data-widget_type=\"spacer.default\">\n\t\t\t\t\t\t\t<div class=\"elementor-spacer\">\n\t\t\t<div class=\"elementor-spacer-inner\"><\/div>\n\t\t<\/div>\n\t\t\t\t\t\t<\/div>\n\t\t\t\t\t<\/div>\n\t\t<\/div>\n\t\t\t\t<div class=\"elementor-column elementor-col-66 elementor-inner-column elementor-element elementor-element-55c59d6e\" data-id=\"55c59d6e\" data-element_type=\"column\" data-e-type=\"column\">\n\t\t\t<div class=\"elementor-widget-wrap elementor-element-populated\">\n\t\t\t\t\t\t<div class=\"elementor-element elementor-element-24184fb2 elementor-widget elementor-widget-text-editor\" data-id=\"24184fb2\" data-element_type=\"widget\" data-e-type=\"widget\" data-widget_type=\"text-editor.default\">\n\t\t\t\t\t\t\t\t\t\n<div class=\"wpcf7 no-js\" id=\"wpcf7-f4564-o1\" lang=\"en-US\" dir=\"ltr\" data-wpcf7-id=\"4564\">\n<div class=\"screen-reader-response\"><p role=\"status\" aria-live=\"polite\" aria-atomic=\"true\"><\/p> <ul><\/ul><\/div>\n<form action=\"\/en\/wp-json\/wp\/v2\/pages\/3432#wpcf7-f4564-o1\" method=\"post\" class=\"wpcf7-form init\" aria-label=\"Contact form\" novalidate=\"novalidate\" data-status=\"init\">\n<fieldset class=\"hidden-fields-container\"><input type=\"hidden\" name=\"_wpcf7\" value=\"4564\" \/><input type=\"hidden\" name=\"_wpcf7_version\" value=\"6.1.4\" \/><input type=\"hidden\" name=\"_wpcf7_locale\" value=\"en_US\" \/><input type=\"hidden\" name=\"_wpcf7_unit_tag\" value=\"wpcf7-f4564-o1\" \/><input type=\"hidden\" name=\"_wpcf7_container_post\" value=\"0\" \/><input type=\"hidden\" name=\"_wpcf7_posted_data_hash\" value=\"\" \/><input type=\"hidden\" name=\"_wpcf7_recaptcha_response\" value=\"\" \/>\n<\/fieldset>\n<div class='row choose-1'>\n<div class='wgl_col-6'>\n<span class=\"wpcf7-form-control-wrap\" data-name=\"nombre\"><input size=\"40\" maxlength=\"400\" class=\"wpcf7-form-control wpcf7-text\" aria-invalid=\"false\" placeholder=\"Your full name*\" value=\"\" type=\"text\" name=\"nombre\" \/><\/span>\n<\/div>\n<div class='wgl_col-6'>\n<span class=\"wpcf7-form-control-wrap\" data-name=\"telrull\"><input size=\"40\" maxlength=\"400\" class=\"wpcf7-form-control wpcf7-tel wpcf7-validates-as-required wpcf7-text wpcf7-validates-as-tel\" aria-required=\"true\" aria-invalid=\"false\" placeholder=\"Your phone number\" value=\"\" type=\"tel\" name=\"telrull\" \/><\/span>\n<\/div>\n<div class='wgl_col-6'>\n<span class=\"wpcf7-form-control-wrap\" data-name=\"email-613\"><input size=\"40\" maxlength=\"400\" class=\"wpcf7-form-control wpcf7-email wpcf7-validates-as-required wpcf7-text wpcf7-validates-as-email\" aria-required=\"true\" aria-invalid=\"false\" placeholder=\"Your email address *\" value=\"\" type=\"email\" name=\"email-613\" \/><\/span>\n<\/div>\n<div class='wgl_col-6'>\n<span class=\"wpcf7-form-control-wrap\" data-name=\"motivo-consulta\"><select class=\"wpcf7-form-control wpcf7-select\" aria-invalid=\"false\" name=\"motivo-consulta\"><option value=\"Reason for your visit?\">Reason for your visit?<\/option><option value=\"First visit\">First visit<\/option><option value=\"Assessment for orthodontics\">Assessment for orthodontics<\/option><option value=\"I need an implant\">I need an implant<\/option><option value=\"I want a teeth whitening\">I want a teeth whitening<\/option><option value=\"Visit to the pediatric dentistry\">Visit to the pediatric dentistry<\/option><option value=\"Dental hygiene and annual check-up\">Dental hygiene and annual check-up<\/option><option value=\"My gums bleed\">My gums bleed<\/option><option value=\"I am in pain\">I am in pain<\/option><option value=\"Other\">Other<\/option><\/select><\/span>\n<\/div>\n<div class='wgl_col-12'>\n<span class=\"wpcf7-form-control-wrap\" data-name=\"comentario\"><input size=\"40\" maxlength=\"400\" class=\"wpcf7-form-control wpcf7-text\" aria-invalid=\"false\" placeholder=\"Any additional comment you would like to leave? *\" value=\"\" type=\"text\" name=\"comentario\" \/><\/span>\n<\/div>\n<div class='wgl_col-12'>\n<input class=\"wpcf7-form-control wpcf7-submit has-spinner\" type=\"submit\" value=\"Request my appointment\" \/>\n<\/div>\n<\/div><div class=\"wpcf7-response-output\" aria-hidden=\"true\"><\/div>\n<\/form>\n<\/div>\n\t\t\t\t\t\t\t\t<\/div>\n\t\t\t\t\t<\/div>\n\t\t<\/div>\n\t\t\t\t\t<\/div>\n\t\t<\/section>\n\t\t\t\t\t<\/div>\n\t\t<\/div>\n\t\t\t\t\t<\/div>\n\t\t<\/section>\n\t\t\t\t<\/div>\n\t\t","protected":false},"excerpt":{"rendered":"<p>Maxillofacial Surgery Maxillofacial surgery is the medical-surgical specialty focusing on the study, diagnosis, treatment and rehabilitation of congenital or acquired diseases of the oral cavity, the facial skeleton and related cervical structures. The maxillofacial surgeon has extensive knowledge in oral and maxillofacial surgery that allow him to carry out complicated extractions, bone grafts and dental [&hellip;]<\/p>\n","protected":false},"author":1,"featured_media":0,"parent":0,"menu_order":0,"comment_status":"closed","ping_status":"closed","template":"","meta":{"footnotes":""},"class_list":["post-3432","page","type-page","status-publish","hentry"],"yoast_head":"<!-- This site is optimized with the Yoast SEO plugin v27.4 - https:\/\/yoast.com\/product\/yoast-seo-wordpress\/ -->\n<title>Maxillofacial Surgery - Cl\u00ednica Dr. Rull<\/title>\n<meta name=\"robots\" content=\"index, follow, max-snippet:-1, max-image-preview:large, max-video-preview:-1\" \/>\n<link rel=\"canonical\" href=\"https:\/\/clinicadrrull.com\/en\/maxillofacial-surgery\/\" \/>\n<meta property=\"og:locale\" content=\"en_US\" \/>\n<meta property=\"og:type\" content=\"article\" \/>\n<meta property=\"og:title\" content=\"Maxillofacial Surgery - Cl\u00ednica Dr. Rull\" \/>\n<meta property=\"og:description\" content=\"Maxillofacial Surgery Maxillofacial surgery is the medical-surgical specialty focusing on the study, diagnosis, treatment and rehabilitation of congenital or acquired diseases of the oral cavity, the facial skeleton and related cervical structures. The maxillofacial surgeon has extensive knowledge in oral and maxillofacial surgery that allow him to carry out complicated extractions, bone grafts and dental [&hellip;]\" \/>\n<meta property=\"og:url\" content=\"https:\/\/clinicadrrull.com\/en\/maxillofacial-surgery\/\" \/>\n<meta property=\"og:site_name\" content=\"Cl\u00ednica Dr. Rull\" \/>\n<meta property=\"article:modified_time\" content=\"2022-05-02T19:01:26+00:00\" \/>\n<meta name=\"twitter:card\" content=\"summary_large_image\" \/>\n<meta name=\"twitter:label1\" content=\"Est. reading time\" \/>\n\t<meta name=\"twitter:data1\" content=\"1 minute\" \/>\n<script type=\"application\/ld+json\" class=\"yoast-schema-graph\">{\"@context\":\"https:\\\/\\\/schema.org\",\"@graph\":[{\"@type\":\"WebPage\",\"@id\":\"https:\\\/\\\/clinicadrrull.com\\\/en\\\/maxillofacial-surgery\\\/\",\"url\":\"https:\\\/\\\/clinicadrrull.com\\\/en\\\/maxillofacial-surgery\\\/\",\"name\":\"Maxillofacial Surgery - Cl\u00ednica Dr. Rull\",\"isPartOf\":{\"@id\":\"https:\\\/\\\/clinicadrrull.com\\\/#website\"},\"datePublished\":\"2021-05-23T14:16:01+00:00\",\"dateModified\":\"2022-05-02T19:01:26+00:00\",\"breadcrumb\":{\"@id\":\"https:\\\/\\\/clinicadrrull.com\\\/en\\\/maxillofacial-surgery\\\/#breadcrumb\"},\"inLanguage\":\"en-US\",\"potentialAction\":[{\"@type\":\"ReadAction\",\"target\":[\"https:\\\/\\\/clinicadrrull.com\\\/en\\\/maxillofacial-surgery\\\/\"]}]},{\"@type\":\"BreadcrumbList\",\"@id\":\"https:\\\/\\\/clinicadrrull.com\\\/en\\\/maxillofacial-surgery\\\/#breadcrumb\",\"itemListElement\":[{\"@type\":\"ListItem\",\"position\":1,\"name\":\"Portada\",\"item\":\"https:\\\/\\\/clinicadrrull.com\\\/en\\\/home-2024-2\\\/\"},{\"@type\":\"ListItem\",\"position\":2,\"name\":\"Maxillofacial Surgery\"}]},{\"@type\":\"WebSite\",\"@id\":\"https:\\\/\\\/clinicadrrull.com\\\/#website\",\"url\":\"https:\\\/\\\/clinicadrrull.com\\\/\",\"name\":\"Cl\u00ednica Dr. Rull\",\"description\":\"Tu cl\u00ednica dental y centro m\u00e9dico de confianza en Ibiza\",\"potentialAction\":[{\"@type\":\"SearchAction\",\"target\":{\"@type\":\"EntryPoint\",\"urlTemplate\":\"https:\\\/\\\/clinicadrrull.com\\\/?s={search_term_string}\"},\"query-input\":{\"@type\":\"PropertyValueSpecification\",\"valueRequired\":true,\"valueName\":\"search_term_string\"}}],\"inLanguage\":\"en-US\"}]}<\/script>\n<!-- \/ Yoast SEO plugin. -->","yoast_head_json":{"title":"Maxillofacial Surgery - Cl\u00ednica Dr. Rull","robots":{"index":"index","follow":"follow","max-snippet":"max-snippet:-1","max-image-preview":"max-image-preview:large","max-video-preview":"max-video-preview:-1"},"canonical":"https:\/\/clinicadrrull.com\/en\/maxillofacial-surgery\/","og_locale":"en_US","og_type":"article","og_title":"Maxillofacial Surgery - Cl\u00ednica Dr. Rull","og_description":"Maxillofacial Surgery Maxillofacial surgery is the medical-surgical specialty focusing on the study, diagnosis, treatment and rehabilitation of congenital or acquired diseases of the oral cavity, the facial skeleton and related cervical structures. The maxillofacial surgeon has extensive knowledge in oral and maxillofacial surgery that allow him to carry out complicated extractions, bone grafts and dental [&hellip;]","og_url":"https:\/\/clinicadrrull.com\/en\/maxillofacial-surgery\/","og_site_name":"Cl\u00ednica Dr. Rull","article_modified_time":"2022-05-02T19:01:26+00:00","twitter_card":"summary_large_image","twitter_misc":{"Est. reading time":"1 minute"},"schema":{"@context":"https:\/\/schema.org","@graph":[{"@type":"WebPage","@id":"https:\/\/clinicadrrull.com\/en\/maxillofacial-surgery\/","url":"https:\/\/clinicadrrull.com\/en\/maxillofacial-surgery\/","name":"Maxillofacial Surgery - Cl\u00ednica Dr. Rull","isPartOf":{"@id":"https:\/\/clinicadrrull.com\/#website"},"datePublished":"2021-05-23T14:16:01+00:00","dateModified":"2022-05-02T19:01:26+00:00","breadcrumb":{"@id":"https:\/\/clinicadrrull.com\/en\/maxillofacial-surgery\/#breadcrumb"},"inLanguage":"en-US","potentialAction":[{"@type":"ReadAction","target":["https:\/\/clinicadrrull.com\/en\/maxillofacial-surgery\/"]}]},{"@type":"BreadcrumbList","@id":"https:\/\/clinicadrrull.com\/en\/maxillofacial-surgery\/#breadcrumb","itemListElement":[{"@type":"ListItem","position":1,"name":"Portada","item":"https:\/\/clinicadrrull.com\/en\/home-2024-2\/"},{"@type":"ListItem","position":2,"name":"Maxillofacial Surgery"}]},{"@type":"WebSite","@id":"https:\/\/clinicadrrull.com\/#website","url":"https:\/\/clinicadrrull.com\/","name":"Cl\u00ednica Dr. Rull","description":"Tu cl\u00ednica dental y centro m\u00e9dico de confianza en Ibiza","potentialAction":[{"@type":"SearchAction","target":{"@type":"EntryPoint","urlTemplate":"https:\/\/clinicadrrull.com\/?s={search_term_string}"},"query-input":{"@type":"PropertyValueSpecification","valueRequired":true,"valueName":"search_term_string"}}],"inLanguage":"en-US"}]}},"_links":{"self":[{"href":"https:\/\/clinicadrrull.com\/en\/wp-json\/wp\/v2\/pages\/3432","targetHints":{"allow":["GET"]}}],"collection":[{"href":"https:\/\/clinicadrrull.com\/en\/wp-json\/wp\/v2\/pages"}],"about":[{"href":"https:\/\/clinicadrrull.com\/en\/wp-json\/wp\/v2\/types\/page"}],"author":[{"embeddable":true,"href":"https:\/\/clinicadrrull.com\/en\/wp-json\/wp\/v2\/users\/1"}],"replies":[{"embeddable":true,"href":"https:\/\/clinicadrrull.com\/en\/wp-json\/wp\/v2\/comments?post=3432"}],"version-history":[{"count":0,"href":"https:\/\/clinicadrrull.com\/en\/wp-json\/wp\/v2\/pages\/3432\/revisions"}],"wp:attachment":[{"href":"https:\/\/clinicadrrull.com\/en\/wp-json\/wp\/v2\/media?parent=3432"}],"curies":[{"name":"wp","href":"https:\/\/api.w.org\/{rel}","templated":true}]}}