{"id":3439,"date":"2021-05-25T12:52:11","date_gmt":"2021-05-25T12:52:11","guid":{"rendered":"https:\/\/clinicadrrull.com\/contact-us\/"},"modified":"2022-05-02T22:23:33","modified_gmt":"2022-05-02T20:23:33","slug":"contact-us","status":"publish","type":"page","link":"https:\/\/clinicadrrull.com\/en\/contact-us\/","title":{"rendered":"Contact us"},"content":{"rendered":"\t\t<div data-elementor-type=\"wp-post\" data-elementor-id=\"3439\" class=\"elementor elementor-3439 elementor-228\" data-elementor-post-type=\"page\">\n\t\t\t\t\t\t<section class=\"elementor-section elementor-top-section elementor-element elementor-element-1765baf elementor-section-boxed elementor-section-height-default elementor-section-height-default\" data-id=\"1765baf\" data-element_type=\"section\" data-e-type=\"section\" data-settings=\"{&quot;background_background&quot;:&quot;classic&quot;}\">\n\t\t\t\t\t\t<div class=\"elementor-container elementor-column-gap-default\">\n\t\t\t\t\t<div class=\"elementor-column elementor-col-50 elementor-top-column elementor-element elementor-element-7375e3d9\" data-id=\"7375e3d9\" data-element_type=\"column\" data-e-type=\"column\" data-settings=\"{&quot;background_background&quot;:&quot;classic&quot;}\">\n\t\t\t<div class=\"elementor-widget-wrap elementor-element-populated\">\n\t\t\t\t\t\t<div class=\"elementor-element elementor-element-373b137d elementor-widget elementor-widget-heading\" data-id=\"373b137d\" data-element_type=\"widget\" data-e-type=\"widget\" data-widget_type=\"heading.default\">\n\t\t\t\t\t<h3 class=\"elementor-heading-title elementor-size-default\">Book your appointment<\/h3>\t\t\t\t<\/div>\n\t\t\t\t\t<\/div>\n\t\t<\/div>\n\t\t\t\t<div class=\"elementor-column elementor-col-50 elementor-top-column elementor-element elementor-element-7e1e3b\" data-id=\"7e1e3b\" data-element_type=\"column\" data-e-type=\"column\">\n\t\t\t<div class=\"elementor-widget-wrap\">\n\t\t\t\t\t\t\t<\/div>\n\t\t<\/div>\n\t\t\t\t\t<\/div>\n\t\t<\/section>\n\t\t\t\t<section class=\"elementor-section elementor-top-section elementor-element elementor-element-1843dcd elementor-section-boxed elementor-section-height-default elementor-section-height-default\" data-id=\"1843dcd\" data-element_type=\"section\" data-e-type=\"section\">\n\t\t\t\t\t\t<div class=\"elementor-container elementor-column-gap-wide\">\n\t\t\t\t\t<div class=\"elementor-column elementor-col-33 elementor-top-column elementor-element elementor-element-b878dc1\" data-id=\"b878dc1\" data-element_type=\"column\" data-e-type=\"column\">\n\t\t\t<div class=\"elementor-widget-wrap elementor-element-populated\">\n\t\t\t\t\t\t<section class=\"elementor-section elementor-inner-section elementor-element elementor-element-c97722d elementor-section-boxed elementor-section-height-default elementor-section-height-default\" data-id=\"c97722d\" data-element_type=\"section\" data-e-type=\"section\">\n\t\t\t\t\t\t<div class=\"elementor-container elementor-column-gap-default\">\n\t\t\t\t\t<div class=\"elementor-column elementor-col-50 elementor-inner-column elementor-element elementor-element-9946936\" data-id=\"9946936\" data-element_type=\"column\" data-e-type=\"column\">\n\t\t\t<div class=\"elementor-widget-wrap elementor-element-populated\">\n\t\t\t\t\t\t<div class=\"elementor-element elementor-element-44a7d73 elementor-position-left elementor-widget-icon-box wgl-icon-box elementor-view-default elementor-widget elementor-widget-wgl-info-box\" data-id=\"44a7d73\" data-element_type=\"widget\" data-e-type=\"widget\" data-widget_type=\"wgl-info-box.default\">\n\t\t\t\t<div class=\"elementor-widget-container\">\n\t\t\t\t\t<div class=\"wgl-infobox\"><div class=\"wgl-infobox_wrapper elementor-icon-box-wrapper\"><div class=\"wgl-infobox-icon_wrapper elementor-icon-box-icon\"><div class=\"wgl-infobox-icon_container\"><span class=\"wgl-icon elementor-icon elementor-animation-\" ><i class=\"icon flaticon-call\"><\/i><\/span><\/div><\/div><div class=\"wgl-infobox-content_wrapper elementor-icon-box-content\"><div class=\"wgl-infobox-title_wrapper\"><h3 class=\"wgl-infobox_title\">Call us<\/h3><\/div><div class=\"wgl-infobox_content\">+34 971 31 32 31<\/div><\/div><a class=\"wgl-infobox_item_link\" href=\"#\"><\/a><\/div><\/div>\t\t\t\t<\/div>\n\t\t\t\t<\/div>\n\t\t\t\t\t<\/div>\n\t\t<\/div>\n\t\t\t\t<div class=\"elementor-column elementor-col-50 elementor-inner-column elementor-element elementor-element-7487d61\" data-id=\"7487d61\" data-element_type=\"column\" data-e-type=\"column\">\n\t\t\t<div class=\"elementor-widget-wrap elementor-element-populated\">\n\t\t\t\t\t\t<div class=\"elementor-element elementor-element-cec28b5 elementor-position-left elementor-widget-icon-box wgl-icon-box elementor-view-default elementor-widget elementor-widget-wgl-info-box\" data-id=\"cec28b5\" data-element_type=\"widget\" data-e-type=\"widget\" data-widget_type=\"wgl-info-box.default\">\n\t\t\t\t<div class=\"elementor-widget-container\">\n\t\t\t\t\t<div class=\"wgl-infobox\"><div class=\"wgl-infobox_wrapper elementor-icon-box-wrapper\"><div class=\"wgl-infobox-icon_wrapper elementor-icon-box-icon\"><div class=\"wgl-infobox-icon_container\"><span class=\"wgl-icon elementor-icon elementor-animation-\" ><i class=\"icon flaticon-mail-2\"><\/i><\/span><\/div><\/div><div class=\"wgl-infobox-content_wrapper elementor-icon-box-content\"><div class=\"wgl-infobox-title_wrapper\"><h3 class=\"wgl-infobox_title\">Text us<\/h3><\/div><div class=\"wgl-infobox_content\"><p>info@clinicadrrull.com<\/p><\/div><\/div><a class=\"wgl-infobox_item_link\" href=\"#\"><\/a><\/div><\/div>\t\t\t\t<\/div>\n\t\t\t\t<\/div>\n\t\t\t\t\t<\/div>\n\t\t<\/div>\n\t\t\t\t\t<\/div>\n\t\t<\/section>\n\t\t\t\t<div class=\"elementor-element elementor-element-6d197f8 elementor-widget elementor-widget-google_maps\" data-id=\"6d197f8\" data-element_type=\"widget\" data-e-type=\"widget\" data-widget_type=\"google_maps.default\">\n\t\t\t\t\t\t\t<div class=\"elementor-custom-embed\">\n\t\t\t<iframe loading=\"lazy\"\n\t\t\t\t\tsrc=\"https:\/\/maps.google.com\/maps?q=Cl%C3%ADnica%20Dr%20Rull%2C%20Carrer%20de%20Vicent%20Serra%20i%20Orvay%2C%2033%2C%201%C2%BA1%C2%AA%2C%2007800%20Eivissa%2C%20Illes%20Balears%2C%20Espa%C3%B1a&#038;t=m&#038;z=20&#038;output=embed&#038;iwloc=near\"\n\t\t\t\t\ttitle=\"Cl\u00ednica Dr Rull, Carrer de Vicent Serra i Orvay, 33, 1\u00ba1\u00aa, 07800 Eivissa, Illes Balears, Espa\u00f1a\"\n\t\t\t\t\taria-label=\"Cl\u00ednica Dr Rull, Carrer de Vicent Serra i Orvay, 33, 1\u00ba1\u00aa, 07800 Eivissa, Illes Balears, Espa\u00f1a\"\n\t\t\t><\/iframe>\n\t\t<\/div>\n\t\t\t\t\t\t<\/div>\n\t\t\t\t\t<\/div>\n\t\t<\/div>\n\t\t\t\t<div class=\"elementor-column elementor-col-66 elementor-top-column elementor-element elementor-element-c5aabdd\" data-id=\"c5aabdd\" data-element_type=\"column\" data-e-type=\"column\">\n\t\t\t<div class=\"elementor-widget-wrap elementor-element-populated\">\n\t\t\t\t\t\t<div class=\"elementor-element elementor-element-378a683 elementor-widget elementor-widget-wgl-double-headings\" data-id=\"378a683\" data-element_type=\"widget\" data-e-type=\"widget\" data-widget_type=\"wgl-double-headings.default\">\n\t\t\t\t<div class=\"elementor-widget-container\">\n\t\t\t\t\t<div class=\"wgl-double_heading aleft\"><div class=\"dbl-subtitle\"><span>WE ARE HERE TO SERVE YOU<\/span><\/div>                <h3 class=\"dbl-title_wrapper\"><span class=\"dbl-title dbl-title_1\">Contact us<\/span>                 <\/h3>        <\/div>\t\t\t\t<\/div>\n\t\t\t\t<\/div>\n\t\t\t\t<div class=\"elementor-element elementor-element-837d9a3 elementor-widget elementor-widget-text-editor\" data-id=\"837d9a3\" data-element_type=\"widget\" data-e-type=\"widget\" data-widget_type=\"text-editor.default\">\n\t\t\t\t\t\t\t\t\t<p>Book your appointment, we will get in contact with you as soon as possible.<\/p>\n\t\t\t\t\t\t\t\t<\/div>\n\t\t\t\t<div class=\"elementor-element elementor-element-2bf65a9 elementor-widget elementor-widget-text-editor\" data-id=\"2bf65a9\" data-element_type=\"widget\" data-e-type=\"widget\" data-widget_type=\"text-editor.default\">\n\t\t\t\t\t\t\t\t\t\n<div class=\"wpcf7 no-js\" id=\"wpcf7-f4564-o1\" lang=\"en-US\" dir=\"ltr\" data-wpcf7-id=\"4564\">\n<div class=\"screen-reader-response\"><p role=\"status\" aria-live=\"polite\" aria-atomic=\"true\"><\/p> <ul><\/ul><\/div>\n<form action=\"\/en\/wp-json\/wp\/v2\/pages\/3439#wpcf7-f4564-o1\" method=\"post\" class=\"wpcf7-form init\" aria-label=\"Contact form\" novalidate=\"novalidate\" data-status=\"init\">\n<fieldset class=\"hidden-fields-container\"><input type=\"hidden\" name=\"_wpcf7\" value=\"4564\" \/><input type=\"hidden\" name=\"_wpcf7_version\" value=\"6.1.4\" \/><input type=\"hidden\" name=\"_wpcf7_locale\" value=\"en_US\" \/><input type=\"hidden\" name=\"_wpcf7_unit_tag\" value=\"wpcf7-f4564-o1\" \/><input type=\"hidden\" name=\"_wpcf7_container_post\" value=\"0\" \/><input type=\"hidden\" name=\"_wpcf7_posted_data_hash\" value=\"\" \/><input type=\"hidden\" name=\"_wpcf7_recaptcha_response\" value=\"\" \/>\n<\/fieldset>\n<div class='row choose-1'>\n<div class='wgl_col-6'>\n<span class=\"wpcf7-form-control-wrap\" data-name=\"nombre\"><input size=\"40\" maxlength=\"400\" class=\"wpcf7-form-control wpcf7-text\" aria-invalid=\"false\" placeholder=\"Your full name*\" value=\"\" type=\"text\" name=\"nombre\" \/><\/span>\n<\/div>\n<div class='wgl_col-6'>\n<span class=\"wpcf7-form-control-wrap\" data-name=\"telrull\"><input size=\"40\" maxlength=\"400\" class=\"wpcf7-form-control wpcf7-tel wpcf7-validates-as-required wpcf7-text wpcf7-validates-as-tel\" aria-required=\"true\" aria-invalid=\"false\" placeholder=\"Your phone number\" value=\"\" type=\"tel\" name=\"telrull\" \/><\/span>\n<\/div>\n<div class='wgl_col-6'>\n<span class=\"wpcf7-form-control-wrap\" data-name=\"email-613\"><input size=\"40\" maxlength=\"400\" class=\"wpcf7-form-control wpcf7-email wpcf7-validates-as-required wpcf7-text wpcf7-validates-as-email\" aria-required=\"true\" aria-invalid=\"false\" placeholder=\"Your email address *\" value=\"\" type=\"email\" name=\"email-613\" \/><\/span>\n<\/div>\n<div class='wgl_col-6'>\n<span class=\"wpcf7-form-control-wrap\" data-name=\"motivo-consulta\"><select class=\"wpcf7-form-control wpcf7-select\" aria-invalid=\"false\" name=\"motivo-consulta\"><option value=\"Reason for your visit?\">Reason for your visit?<\/option><option value=\"First visit\">First visit<\/option><option value=\"Assessment for orthodontics\">Assessment for orthodontics<\/option><option value=\"I need an implant\">I need an implant<\/option><option value=\"I want a teeth whitening\">I want a teeth whitening<\/option><option value=\"Visit to the pediatric dentistry\">Visit to the pediatric dentistry<\/option><option value=\"Dental hygiene and annual check-up\">Dental hygiene and annual check-up<\/option><option value=\"My gums bleed\">My gums bleed<\/option><option value=\"I am in pain\">I am in pain<\/option><option value=\"Other\">Other<\/option><\/select><\/span>\n<\/div>\n<div class='wgl_col-12'>\n<span class=\"wpcf7-form-control-wrap\" data-name=\"comentario\"><input size=\"40\" maxlength=\"400\" class=\"wpcf7-form-control wpcf7-text\" aria-invalid=\"false\" placeholder=\"Any additional comment you would like to leave? *\" value=\"\" type=\"text\" name=\"comentario\" \/><\/span>\n<\/div>\n<div class='wgl_col-12'>\n<input class=\"wpcf7-form-control wpcf7-submit has-spinner\" type=\"submit\" value=\"Request my appointment\" \/>\n<\/div>\n<\/div><div class=\"wpcf7-response-output\" aria-hidden=\"true\"><\/div>\n<\/form>\n<\/div>\n\t\t\t\t\t\t\t\t<\/div>\n\t\t\t\t<div class=\"elementor-element elementor-element-c155c8b elementor-widget elementor-widget-text-editor\" data-id=\"c155c8b\" data-element_type=\"widget\" data-e-type=\"widget\" data-widget_type=\"text-editor.default\">\n\t\t\t\t\t\t\t\t\t<p style=\"text-align: center;\">By submitting the form you are accepting our <a href=\"https:\/\/clinicadrrull.com\/wp-content\/uploads\/2021\/03\/privacidad.pdf\">Privacy Policy and data processing.<\/a><\/p>\n\t\t\t\t\t\t\t\t<\/div>\n\t\t\t\t\t<\/div>\n\t\t<\/div>\n\t\t\t\t\t<\/div>\n\t\t<\/section>\n\t\t\t\t<\/div>\n\t\t","protected":false},"excerpt":{"rendered":"<p>Book your appointment Call us +34 971 31 32 31 Text us info@clinicadrrull.com WE ARE HERE TO SERVE YOU Contact us Book your appointment, we will get in contact with you as soon as possible. By submitting the form you are accepting our Privacy Policy and data processing.<\/p>\n","protected":false},"author":1,"featured_media":0,"parent":0,"menu_order":0,"comment_status":"closed","ping_status":"closed","template":"","meta":{"footnotes":""},"class_list":["post-3439","page","type-page","status-publish","hentry"],"yoast_head":"<!-- This site is optimized with the Yoast SEO plugin v27.4 - https:\/\/yoast.com\/product\/yoast-seo-wordpress\/ -->\n<title>Contact us - Cl\u00ednica Dr. Rull<\/title>\n<meta name=\"robots\" content=\"index, follow, max-snippet:-1, max-image-preview:large, max-video-preview:-1\" \/>\n<link rel=\"canonical\" href=\"https:\/\/clinicadrrull.com\/en\/contact-us\/\" \/>\n<meta property=\"og:locale\" content=\"en_US\" \/>\n<meta property=\"og:type\" content=\"article\" \/>\n<meta property=\"og:title\" content=\"Contact us - Cl\u00ednica Dr. Rull\" \/>\n<meta property=\"og:description\" content=\"Book your appointment Call us +34 971 31 32 31 Text us info@clinicadrrull.com WE ARE HERE TO SERVE YOU Contact us Book your appointment, we will get in contact with you as soon as possible. By submitting the form you are accepting our Privacy Policy and data processing.\" \/>\n<meta property=\"og:url\" content=\"https:\/\/clinicadrrull.com\/en\/contact-us\/\" \/>\n<meta property=\"og:site_name\" content=\"Cl\u00ednica Dr. Rull\" \/>\n<meta property=\"article:modified_time\" content=\"2022-05-02T20:23:33+00:00\" \/>\n<meta name=\"twitter:card\" content=\"summary_large_image\" \/>\n<meta name=\"twitter:label1\" content=\"Est. reading time\" \/>\n\t<meta name=\"twitter:data1\" content=\"1 minute\" \/>\n<script type=\"application\/ld+json\" class=\"yoast-schema-graph\">{\"@context\":\"https:\\\/\\\/schema.org\",\"@graph\":[{\"@type\":\"WebPage\",\"@id\":\"https:\\\/\\\/clinicadrrull.com\\\/en\\\/contact-us\\\/\",\"url\":\"https:\\\/\\\/clinicadrrull.com\\\/en\\\/contact-us\\\/\",\"name\":\"Contact us - Cl\u00ednica Dr. Rull\",\"isPartOf\":{\"@id\":\"https:\\\/\\\/clinicadrrull.com\\\/#website\"},\"datePublished\":\"2021-05-25T12:52:11+00:00\",\"dateModified\":\"2022-05-02T20:23:33+00:00\",\"breadcrumb\":{\"@id\":\"https:\\\/\\\/clinicadrrull.com\\\/en\\\/contact-us\\\/#breadcrumb\"},\"inLanguage\":\"en-US\",\"potentialAction\":[{\"@type\":\"ReadAction\",\"target\":[\"https:\\\/\\\/clinicadrrull.com\\\/en\\\/contact-us\\\/\"]}]},{\"@type\":\"BreadcrumbList\",\"@id\":\"https:\\\/\\\/clinicadrrull.com\\\/en\\\/contact-us\\\/#breadcrumb\",\"itemListElement\":[{\"@type\":\"ListItem\",\"position\":1,\"name\":\"Portada\",\"item\":\"https:\\\/\\\/clinicadrrull.com\\\/en\\\/home-2024-2\\\/\"},{\"@type\":\"ListItem\",\"position\":2,\"name\":\"Contact us\"}]},{\"@type\":\"WebSite\",\"@id\":\"https:\\\/\\\/clinicadrrull.com\\\/#website\",\"url\":\"https:\\\/\\\/clinicadrrull.com\\\/\",\"name\":\"Cl\u00ednica Dr. Rull\",\"description\":\"Tu cl\u00ednica dental y centro m\u00e9dico de confianza en Ibiza\",\"potentialAction\":[{\"@type\":\"SearchAction\",\"target\":{\"@type\":\"EntryPoint\",\"urlTemplate\":\"https:\\\/\\\/clinicadrrull.com\\\/?s={search_term_string}\"},\"query-input\":{\"@type\":\"PropertyValueSpecification\",\"valueRequired\":true,\"valueName\":\"search_term_string\"}}],\"inLanguage\":\"en-US\"}]}<\/script>\n<!-- \/ Yoast SEO plugin. -->","yoast_head_json":{"title":"Contact us - Cl\u00ednica Dr. Rull","robots":{"index":"index","follow":"follow","max-snippet":"max-snippet:-1","max-image-preview":"max-image-preview:large","max-video-preview":"max-video-preview:-1"},"canonical":"https:\/\/clinicadrrull.com\/en\/contact-us\/","og_locale":"en_US","og_type":"article","og_title":"Contact us - Cl\u00ednica Dr. Rull","og_description":"Book your appointment Call us +34 971 31 32 31 Text us info@clinicadrrull.com WE ARE HERE TO SERVE YOU Contact us Book your appointment, we will get in contact with you as soon as possible. By submitting the form you are accepting our Privacy Policy and data processing.","og_url":"https:\/\/clinicadrrull.com\/en\/contact-us\/","og_site_name":"Cl\u00ednica Dr. Rull","article_modified_time":"2022-05-02T20:23:33+00:00","twitter_card":"summary_large_image","twitter_misc":{"Est. reading time":"1 minute"},"schema":{"@context":"https:\/\/schema.org","@graph":[{"@type":"WebPage","@id":"https:\/\/clinicadrrull.com\/en\/contact-us\/","url":"https:\/\/clinicadrrull.com\/en\/contact-us\/","name":"Contact us - Cl\u00ednica Dr. Rull","isPartOf":{"@id":"https:\/\/clinicadrrull.com\/#website"},"datePublished":"2021-05-25T12:52:11+00:00","dateModified":"2022-05-02T20:23:33+00:00","breadcrumb":{"@id":"https:\/\/clinicadrrull.com\/en\/contact-us\/#breadcrumb"},"inLanguage":"en-US","potentialAction":[{"@type":"ReadAction","target":["https:\/\/clinicadrrull.com\/en\/contact-us\/"]}]},{"@type":"BreadcrumbList","@id":"https:\/\/clinicadrrull.com\/en\/contact-us\/#breadcrumb","itemListElement":[{"@type":"ListItem","position":1,"name":"Portada","item":"https:\/\/clinicadrrull.com\/en\/home-2024-2\/"},{"@type":"ListItem","position":2,"name":"Contact us"}]},{"@type":"WebSite","@id":"https:\/\/clinicadrrull.com\/#website","url":"https:\/\/clinicadrrull.com\/","name":"Cl\u00ednica Dr. Rull","description":"Tu cl\u00ednica dental y centro m\u00e9dico de confianza en Ibiza","potentialAction":[{"@type":"SearchAction","target":{"@type":"EntryPoint","urlTemplate":"https:\/\/clinicadrrull.com\/?s={search_term_string}"},"query-input":{"@type":"PropertyValueSpecification","valueRequired":true,"valueName":"search_term_string"}}],"inLanguage":"en-US"}]}},"_links":{"self":[{"href":"https:\/\/clinicadrrull.com\/en\/wp-json\/wp\/v2\/pages\/3439","targetHints":{"allow":["GET"]}}],"collection":[{"href":"https:\/\/clinicadrrull.com\/en\/wp-json\/wp\/v2\/pages"}],"about":[{"href":"https:\/\/clinicadrrull.com\/en\/wp-json\/wp\/v2\/types\/page"}],"author":[{"embeddable":true,"href":"https:\/\/clinicadrrull.com\/en\/wp-json\/wp\/v2\/users\/1"}],"replies":[{"embeddable":true,"href":"https:\/\/clinicadrrull.com\/en\/wp-json\/wp\/v2\/comments?post=3439"}],"version-history":[{"count":0,"href":"https:\/\/clinicadrrull.com\/en\/wp-json\/wp\/v2\/pages\/3439\/revisions"}],"wp:attachment":[{"href":"https:\/\/clinicadrrull.com\/en\/wp-json\/wp\/v2\/media?parent=3439"}],"curies":[{"name":"wp","href":"https:\/\/api.w.org\/{rel}","templated":true}]}}