{"id":3511,"date":"2021-05-25T14:32:10","date_gmt":"2021-05-25T14:32:10","guid":{"rendered":"https:\/\/clinicadrrull.com\/pediatric-dentistry\/"},"modified":"2022-05-02T20:55:37","modified_gmt":"2022-05-02T18:55:37","slug":"pediatric-dentistry","status":"publish","type":"page","link":"https:\/\/clinicadrrull.com\/en\/pediatric-dentistry\/","title":{"rendered":"Pediatric dentistry"},"content":{"rendered":"\t\t<div data-elementor-type=\"wp-post\" data-elementor-id=\"3511\" class=\"elementor elementor-3511 elementor-2796\" data-elementor-post-type=\"page\">\n\t\t\t\t\t\t<section class=\"elementor-section elementor-top-section elementor-element elementor-element-06d5cf6 elementor-section-boxed elementor-section-height-default elementor-section-height-default\" data-id=\"06d5cf6\" data-element_type=\"section\" data-e-type=\"section\" data-settings=\"{&quot;background_background&quot;:&quot;classic&quot;}\">\n\t\t\t\t\t\t<div class=\"elementor-container elementor-column-gap-default\">\n\t\t\t\t\t<div class=\"elementor-column elementor-col-100 elementor-top-column elementor-element elementor-element-d741b79\" data-id=\"d741b79\" data-element_type=\"column\" data-e-type=\"column\">\n\t\t\t<div class=\"elementor-widget-wrap elementor-element-populated\">\n\t\t\t\t\t\t<div class=\"elementor-element elementor-element-920db43 elementor-widget elementor-widget-heading\" data-id=\"920db43\" data-element_type=\"widget\" data-e-type=\"widget\" data-widget_type=\"heading.default\">\n\t\t\t\t\t<h3 class=\"elementor-heading-title elementor-size-default\">Pediatric dentistry<\/h3>\t\t\t\t<\/div>\n\t\t\t\t\t<\/div>\n\t\t<\/div>\n\t\t\t\t\t<\/div>\n\t\t<\/section>\n\t\t\t\t<section class=\"elementor-section elementor-top-section elementor-element elementor-element-0a1cc3d elementor-section-boxed elementor-section-height-default elementor-section-height-default\" data-id=\"0a1cc3d\" data-element_type=\"section\" data-e-type=\"section\">\n\t\t\t\t\t\t<div class=\"elementor-container elementor-column-gap-extended\">\n\t\t\t\t\t<div class=\"elementor-column elementor-col-50 elementor-top-column elementor-element elementor-element-0aa94f6\" data-id=\"0aa94f6\" data-element_type=\"column\" data-e-type=\"column\">\n\t\t\t<div class=\"elementor-widget-wrap elementor-element-populated\">\n\t\t\t\t\t\t<div class=\"elementor-element elementor-element-7d0966f prueba elementor-widget elementor-widget-text-editor\" data-id=\"7d0966f\" data-element_type=\"widget\" data-e-type=\"widget\" data-widget_type=\"text-editor.default\">\n\t\t\t\t\t\t\t\t\t<p>Pediatric dentistry is a branch within dentistry, specialized in children and young aged patients. This specialty\u2019s concern is the health and oral development of children. Pediatric dentists thoroughly know temporary teeth, growth stages, preventive measures and the most appropriate treatment for each child.<\/p>\n<p>The treatments we offer meet the highest standards of pediatric dentistry, which allows us to provide both preventive and curative care for children, from early childhood to the end of their growth.<\/p>\n<p>We have an inhalation sedation unit (conscious sedation), an option for children who usually show phobia to the dentist, are uncooperative or have special needs, which allows the specialist to perform the treatment safely.<\/p>\n<p>In Dr. Rull Clinic, there is nothing that worries us more than our children\u2019s health, that is why we have created modern facilities, accessible and adapted to children, which hand in hand with our specialists will turn your visit into a pleasant experience within a favorable environment for them.<\/p>\n<h4><span style=\"color: #2bc8ff;\">Treatment for babies:<\/span><\/h4>\n<p>It is very important to take your child to the pediatric dentist with the eruption of the <strong>first milk teeth<\/strong>and at the latest when he turns one year old (as we already see cases with cavities at that age). In this way we can PREVENT tooth decay, because cavities are 100% preventable, in order to carry out a Dentistry based on health and not on disease.<\/p>\n<p>A prenatal visit would be ideal to explain the parents the importance of <strong>healthy eating and breastfeeding<\/strong>for the correct development of the jaws (there are high-quality studies on the reduction of malocclusions), the control of non-nutritive sucking habits (nipples, finger suction, etc.), brace abnormalities, and many other topics that should be known before the baby is born.<\/p>\n<p>In the first visit of a <strong>baby<\/strong>, most of the time is used to give the parents some &#8220;tips&#8221; or advice on dental hygiene, toothpastes, the influence of diet on the development of tooth decay and jaws, prolonged breastfeeding , traumatism&#8230;<\/p>\n<p>To explore and treat the baby we have a special stretcher adapted for them that allows their safety and support.<\/p>\n<p>It is normal for a baby to cry on a first visit or check-up, but this should not delay it, just like the first time he goes to any place where there is an unfamiliar environment for him; crying is expected and it is normal. But confident and smiling parents who transmit that energy, that well-being to their baby, will let them know that the pediatric dentistry visit can become a wonderful experience.<\/p>\n<h6><span style=\"color: #333333;\"><strong>Don\u2019t hesitate, <a href=\"https:\/\/clinicadrrull.com\/pide-cita\/\" style=\"color: #333333;\">book your appointment now<\/a>. Remember we are located in the <a href=\"https:\/\/www.google.com\/maps\/place\/Cl%C3%ADnica+Dr+Rull\/@38.910901,1.426409,15z\/data=!4m2!3m1!1s0x0:0xb4691653e346111d?sa=X&amp;ved=2ahUKEwi7tZW04YHpAhUYAmMBHffrB-sQ_BIwDXoECB4QCA\" style=\"color: #333333;\">center of Ibiza<\/a>.<\/strong><\/span><span style=\"color: #2bc8ff;\"><\/span><\/h6>\n\t\t\t\t\t\t\t\t<\/div>\n\t\t\t\t\t<\/div>\n\t\t<\/div>\n\t\t\t\t<div class=\"elementor-column elementor-col-50 elementor-top-column elementor-element elementor-element-51ac9ab elementor-hidden-tablet\" data-id=\"51ac9ab\" data-element_type=\"column\" data-e-type=\"column\">\n\t\t\t<div class=\"elementor-widget-wrap elementor-element-populated\">\n\t\t\t\t\t\t<div class=\"elementor-element elementor-element-b03738a elementor-hidden-phone elementor-widget elementor-widget-wgl-portfolio\" data-id=\"b03738a\" data-element_type=\"widget\" data-e-type=\"widget\" data-widget_type=\"wgl-portfolio.default\">\n\t\t\t\t<div class=\"elementor-widget-container\">\n\t\t\t\t\t<section class=\"wgl_cpt_section\"><div class=\"wgl-portfolio\" id=\"portfolio_module_69d64cdf9fa27\"><div class=\"wgl-portfolio_wrapper\"><div class=\"wgl-portfolio_container container-grid row grid portfolio_columns-2 appear-animation anim-fade-in\"  style=\"margin-right:-2.5px; margin-left:-2.5px; margin-bottom:-5px;\"><\/div><\/div><\/div><\/section>\t\t\t\t<\/div>\n\t\t\t\t<\/div>\n\t\t\t\t\t<\/div>\n\t\t<\/div>\n\t\t\t\t\t<\/div>\n\t\t<\/section>\n\t\t\t\t<section class=\"elementor-section elementor-top-section elementor-element elementor-element-a234350 elementor-section-boxed elementor-section-height-default elementor-section-height-default\" data-id=\"a234350\" data-element_type=\"section\" data-e-type=\"section\">\n\t\t\t\t\t\t<div class=\"elementor-container elementor-column-gap-default\">\n\t\t\t\t\t<div class=\"elementor-column elementor-col-100 elementor-top-column elementor-element elementor-element-8930cd3\" data-id=\"8930cd3\" data-element_type=\"column\" data-e-type=\"column\">\n\t\t\t<div class=\"elementor-widget-wrap elementor-element-populated\">\n\t\t\t\t\t\t<div class=\"elementor-element elementor-element-b6b2af3 elementor-widget elementor-widget-spacer\" data-id=\"b6b2af3\" data-element_type=\"widget\" data-e-type=\"widget\" data-widget_type=\"spacer.default\">\n\t\t\t\t\t\t\t<div class=\"elementor-spacer\">\n\t\t\t<div class=\"elementor-spacer-inner\"><\/div>\n\t\t<\/div>\n\t\t\t\t\t\t<\/div>\n\t\t\t\t<div class=\"elementor-element elementor-element-1cd2f8a elementor-widget elementor-widget-heading\" data-id=\"1cd2f8a\" data-element_type=\"widget\" data-e-type=\"widget\" data-widget_type=\"heading.default\">\n\t\t\t\t\t<h4 class=\"elementor-heading-title elementor-size-default\">Our specialists<\/h4>\t\t\t\t<\/div>\n\t\t\t\t<div class=\"elementor-element elementor-element-eb6b85a elementor-widget elementor-widget-wgl-team\" data-id=\"eb6b85a\" data-element_type=\"widget\" data-e-type=\"widget\" data-widget_type=\"wgl-team.default\">\n\t\t\t\t<div class=\"elementor-widget-container\">\n\t\t\t\t\t\r\n        <div id=medify_team_69d64cdfa416e class=\"wgl_module_team team-col_4 aleft\">\r\n            <div class=\"team-items_wrap\"  style=\"margin-right:-15px; margin-left:-15px;\" >\r\n                <div class=\"team-item\" style=\"padding-right:15px; padding-left:15px; padding-bottom:30px;\"><div class=\"team-item_wrap\"><div class=\"team-item_content\"><div class=\"team-image\"><img decoding=\"async\" src=\"https:\/\/clinicadrrull.com\/wp-content\/uploads\/2019\/08\/Marta-Perez-540x640.jpg\" alt=\"\" \/><\/div><\/div><div class=\"team-item_info\"><div class=\"team-item_titles\"><h2 class=\"team-title\"><a href=\"https:\/\/clinicadrrull.com\/en\/team\/marta-perez-rodenas\/\">Marta Perez R\u00f3denas<\/a><\/h2><div class=\"team-department\">Pediatric Dentistry, Orthodontics and Orthopedics<\/div><\/div><\/div><\/div><\/div>            <\/div>\r\n        <\/div>\r\n\r\n        \t\t\t\t<\/div>\n\t\t\t\t<\/div>\n\t\t\t\t\t<\/div>\n\t\t<\/div>\n\t\t\t\t\t<\/div>\n\t\t<\/section>\n\t\t\t\t<section class=\"elementor-section elementor-top-section elementor-element elementor-element-856b158 elementor-section-boxed elementor-section-height-default elementor-section-height-default\" data-id=\"856b158\" data-element_type=\"section\" data-e-type=\"section\" data-settings=\"{&quot;background_background&quot;:&quot;classic&quot;}\">\n\t\t\t\t\t\t<div class=\"elementor-container elementor-column-gap-default\">\n\t\t\t\t\t<div class=\"elementor-column elementor-col-100 elementor-top-column elementor-element elementor-element-400c0ff4\" data-id=\"400c0ff4\" data-element_type=\"column\" data-e-type=\"column\">\n\t\t\t<div class=\"elementor-widget-wrap elementor-element-populated\">\n\t\t\t\t\t\t<section class=\"elementor-section elementor-inner-section elementor-element elementor-element-43de2eeb elementor-section-content-middle elementor-section-boxed elementor-section-height-default elementor-section-height-default\" data-id=\"43de2eeb\" data-element_type=\"section\" data-e-type=\"section\" data-settings=\"{&quot;background_background&quot;:&quot;classic&quot;}\">\n\t\t\t\t\t\t<div class=\"elementor-container elementor-column-gap-default\">\n\t\t\t\t\t<div class=\"elementor-column elementor-col-33 elementor-inner-column elementor-element elementor-element-46af5351\" data-id=\"46af5351\" data-element_type=\"column\" data-e-type=\"column\" data-settings=\"{&quot;background_background&quot;:&quot;classic&quot;}\">\n\t\t\t<div class=\"elementor-widget-wrap elementor-element-populated\">\n\t\t\t\t\t\t<div class=\"elementor-element elementor-element-54b26597 elementor-widget elementor-widget-spacer\" data-id=\"54b26597\" data-element_type=\"widget\" data-e-type=\"widget\" data-widget_type=\"spacer.default\">\n\t\t\t\t\t\t\t<div class=\"elementor-spacer\">\n\t\t\t<div class=\"elementor-spacer-inner\"><\/div>\n\t\t<\/div>\n\t\t\t\t\t\t<\/div>\n\t\t\t\t<div class=\"elementor-element elementor-element-60d0ca5e elementor-widget elementor-widget-wgl-double-headings\" data-id=\"60d0ca5e\" data-element_type=\"widget\" data-e-type=\"widget\" data-widget_type=\"wgl-double-headings.default\">\n\t\t\t\t<div class=\"elementor-widget-container\">\n\t\t\t\t\t<div class=\"wgl-double_heading aleft\">                <h3 class=\"dbl-title_wrapper\"><span class=\"dbl-title dbl-title_1\">Request your appointment online in a<\/span> <span class=\"dbl-title dbl-title_2\">few minutes.<\/span>                 <\/h3>        <\/div>\t\t\t\t<\/div>\n\t\t\t\t<\/div>\n\t\t\t\t<div class=\"elementor-element elementor-element-33371992 elementor-widget elementor-widget-spacer\" data-id=\"33371992\" data-element_type=\"widget\" data-e-type=\"widget\" data-widget_type=\"spacer.default\">\n\t\t\t\t\t\t\t<div class=\"elementor-spacer\">\n\t\t\t<div class=\"elementor-spacer-inner\"><\/div>\n\t\t<\/div>\n\t\t\t\t\t\t<\/div>\n\t\t\t\t\t<\/div>\n\t\t<\/div>\n\t\t\t\t<div class=\"elementor-column elementor-col-66 elementor-inner-column elementor-element elementor-element-55c59d6e\" data-id=\"55c59d6e\" data-element_type=\"column\" data-e-type=\"column\">\n\t\t\t<div class=\"elementor-widget-wrap elementor-element-populated\">\n\t\t\t\t\t\t<div class=\"elementor-element elementor-element-24184fb2 elementor-widget elementor-widget-text-editor\" data-id=\"24184fb2\" data-element_type=\"widget\" data-e-type=\"widget\" data-widget_type=\"text-editor.default\">\n\t\t\t\t\t\t\t\t\t\n<div class=\"wpcf7 no-js\" id=\"wpcf7-f4564-o1\" lang=\"en-US\" dir=\"ltr\" data-wpcf7-id=\"4564\">\n<div class=\"screen-reader-response\"><p role=\"status\" aria-live=\"polite\" aria-atomic=\"true\"><\/p> <ul><\/ul><\/div>\n<form action=\"\/en\/wp-json\/wp\/v2\/pages\/3511#wpcf7-f4564-o1\" method=\"post\" class=\"wpcf7-form init\" aria-label=\"Contact form\" novalidate=\"novalidate\" data-status=\"init\">\n<fieldset class=\"hidden-fields-container\"><input type=\"hidden\" name=\"_wpcf7\" value=\"4564\" \/><input type=\"hidden\" name=\"_wpcf7_version\" value=\"6.1.4\" \/><input type=\"hidden\" name=\"_wpcf7_locale\" value=\"en_US\" \/><input type=\"hidden\" name=\"_wpcf7_unit_tag\" value=\"wpcf7-f4564-o1\" \/><input type=\"hidden\" name=\"_wpcf7_container_post\" value=\"0\" \/><input type=\"hidden\" name=\"_wpcf7_posted_data_hash\" value=\"\" \/><input type=\"hidden\" name=\"_wpcf7_recaptcha_response\" value=\"\" \/>\n<\/fieldset>\n<div class='row choose-1'>\n<div class='wgl_col-6'>\n<span class=\"wpcf7-form-control-wrap\" data-name=\"nombre\"><input size=\"40\" maxlength=\"400\" class=\"wpcf7-form-control wpcf7-text\" aria-invalid=\"false\" placeholder=\"Your full name*\" value=\"\" type=\"text\" name=\"nombre\" \/><\/span>\n<\/div>\n<div class='wgl_col-6'>\n<span class=\"wpcf7-form-control-wrap\" data-name=\"telrull\"><input size=\"40\" maxlength=\"400\" class=\"wpcf7-form-control wpcf7-tel wpcf7-validates-as-required wpcf7-text wpcf7-validates-as-tel\" aria-required=\"true\" aria-invalid=\"false\" placeholder=\"Your phone number\" value=\"\" type=\"tel\" name=\"telrull\" \/><\/span>\n<\/div>\n<div class='wgl_col-6'>\n<span class=\"wpcf7-form-control-wrap\" data-name=\"email-613\"><input size=\"40\" maxlength=\"400\" class=\"wpcf7-form-control wpcf7-email wpcf7-validates-as-required wpcf7-text wpcf7-validates-as-email\" aria-required=\"true\" aria-invalid=\"false\" placeholder=\"Your email address *\" value=\"\" type=\"email\" name=\"email-613\" \/><\/span>\n<\/div>\n<div class='wgl_col-6'>\n<span class=\"wpcf7-form-control-wrap\" data-name=\"motivo-consulta\"><select class=\"wpcf7-form-control wpcf7-select\" aria-invalid=\"false\" name=\"motivo-consulta\"><option value=\"Reason for your visit?\">Reason for your visit?<\/option><option value=\"First visit\">First visit<\/option><option value=\"Assessment for orthodontics\">Assessment for orthodontics<\/option><option value=\"I need an implant\">I need an implant<\/option><option value=\"I want a teeth whitening\">I want a teeth whitening<\/option><option value=\"Visit to the pediatric dentistry\">Visit to the pediatric dentistry<\/option><option value=\"Dental hygiene and annual check-up\">Dental hygiene and annual check-up<\/option><option value=\"My gums bleed\">My gums bleed<\/option><option value=\"I am in pain\">I am in pain<\/option><option value=\"Other\">Other<\/option><\/select><\/span>\n<\/div>\n<div class='wgl_col-12'>\n<span class=\"wpcf7-form-control-wrap\" data-name=\"comentario\"><input size=\"40\" maxlength=\"400\" class=\"wpcf7-form-control wpcf7-text\" aria-invalid=\"false\" placeholder=\"Any additional comment you would like to leave? *\" value=\"\" type=\"text\" name=\"comentario\" \/><\/span>\n<\/div>\n<div class='wgl_col-12'>\n<input class=\"wpcf7-form-control wpcf7-submit has-spinner\" type=\"submit\" value=\"Request my appointment\" \/>\n<\/div>\n<\/div><div class=\"wpcf7-response-output\" aria-hidden=\"true\"><\/div>\n<\/form>\n<\/div>\n\t\t\t\t\t\t\t\t<\/div>\n\t\t\t\t\t<\/div>\n\t\t<\/div>\n\t\t\t\t\t<\/div>\n\t\t<\/section>\n\t\t\t\t\t<\/div>\n\t\t<\/div>\n\t\t\t\t\t<\/div>\n\t\t<\/section>\n\t\t\t\t<\/div>\n\t\t","protected":false},"excerpt":{"rendered":"<p>Pediatric dentistry Pediatric dentistry is a branch within dentistry, specialized in children and young aged patients. This specialty\u2019s concern is the health and oral development of children. Pediatric dentists thoroughly know temporary teeth, growth stages, preventive measures and the most appropriate treatment for each child. The treatments we offer meet the highest standards of pediatric [&hellip;]<\/p>\n","protected":false},"author":1,"featured_media":0,"parent":0,"menu_order":0,"comment_status":"closed","ping_status":"closed","template":"","meta":{"footnotes":""},"class_list":["post-3511","page","type-page","status-publish","hentry"],"yoast_head":"<!-- This site is optimized with the Yoast SEO plugin v26.9 - https:\/\/yoast.com\/product\/yoast-seo-wordpress\/ -->\n<title>Pediatric dentistry - Cl\u00ednica Dr. Rull<\/title>\n<meta name=\"robots\" content=\"index, follow, max-snippet:-1, max-image-preview:large, max-video-preview:-1\" \/>\n<link rel=\"canonical\" href=\"https:\/\/clinicadrrull.com\/en\/pediatric-dentistry\/\" \/>\n<meta property=\"og:locale\" content=\"en_US\" \/>\n<meta property=\"og:type\" content=\"article\" \/>\n<meta property=\"og:title\" content=\"Pediatric dentistry - Cl\u00ednica Dr. Rull\" \/>\n<meta property=\"og:description\" content=\"Pediatric dentistry Pediatric dentistry is a branch within dentistry, specialized in children and young aged patients. This specialty\u2019s concern is the health and oral development of children. Pediatric dentists thoroughly know temporary teeth, growth stages, preventive measures and the most appropriate treatment for each child. The treatments we offer meet the highest standards of pediatric [&hellip;]\" \/>\n<meta property=\"og:url\" content=\"https:\/\/clinicadrrull.com\/en\/pediatric-dentistry\/\" \/>\n<meta property=\"og:site_name\" content=\"Cl\u00ednica Dr. Rull\" \/>\n<meta property=\"article:modified_time\" content=\"2022-05-02T18:55:37+00:00\" \/>\n<meta name=\"twitter:card\" content=\"summary_large_image\" \/>\n<meta name=\"twitter:label1\" content=\"Est. reading time\" \/>\n\t<meta name=\"twitter:data1\" content=\"3 minutes\" \/>\n<script type=\"application\/ld+json\" class=\"yoast-schema-graph\">{\"@context\":\"https:\/\/schema.org\",\"@graph\":[{\"@type\":\"WebPage\",\"@id\":\"https:\/\/clinicadrrull.com\/en\/pediatric-dentistry\/\",\"url\":\"https:\/\/clinicadrrull.com\/en\/pediatric-dentistry\/\",\"name\":\"Pediatric dentistry - Cl\u00ednica Dr. Rull\",\"isPartOf\":{\"@id\":\"https:\/\/clinicadrrull.com\/#website\"},\"datePublished\":\"2021-05-25T14:32:10+00:00\",\"dateModified\":\"2022-05-02T18:55:37+00:00\",\"breadcrumb\":{\"@id\":\"https:\/\/clinicadrrull.com\/en\/pediatric-dentistry\/#breadcrumb\"},\"inLanguage\":\"en-US\",\"potentialAction\":[{\"@type\":\"ReadAction\",\"target\":[\"https:\/\/clinicadrrull.com\/en\/pediatric-dentistry\/\"]}]},{\"@type\":\"BreadcrumbList\",\"@id\":\"https:\/\/clinicadrrull.com\/en\/pediatric-dentistry\/#breadcrumb\",\"itemListElement\":[{\"@type\":\"ListItem\",\"position\":1,\"name\":\"Portada\",\"item\":\"https:\/\/clinicadrrull.com\/en\/home-2024-2\/\"},{\"@type\":\"ListItem\",\"position\":2,\"name\":\"Pediatric dentistry\"}]},{\"@type\":\"WebSite\",\"@id\":\"https:\/\/clinicadrrull.com\/#website\",\"url\":\"https:\/\/clinicadrrull.com\/\",\"name\":\"Cl\u00ednica Dr. Rull\",\"description\":\"Tu cl\u00ednica dental y centro m\u00e9dico de confianza en Ibiza\",\"potentialAction\":[{\"@type\":\"SearchAction\",\"target\":{\"@type\":\"EntryPoint\",\"urlTemplate\":\"https:\/\/clinicadrrull.com\/?s={search_term_string}\"},\"query-input\":{\"@type\":\"PropertyValueSpecification\",\"valueRequired\":true,\"valueName\":\"search_term_string\"}}],\"inLanguage\":\"en-US\"}]}<\/script>\n<!-- \/ Yoast SEO plugin. -->","yoast_head_json":{"title":"Pediatric dentistry - Cl\u00ednica Dr. Rull","robots":{"index":"index","follow":"follow","max-snippet":"max-snippet:-1","max-image-preview":"max-image-preview:large","max-video-preview":"max-video-preview:-1"},"canonical":"https:\/\/clinicadrrull.com\/en\/pediatric-dentistry\/","og_locale":"en_US","og_type":"article","og_title":"Pediatric dentistry - Cl\u00ednica Dr. Rull","og_description":"Pediatric dentistry Pediatric dentistry is a branch within dentistry, specialized in children and young aged patients. This specialty\u2019s concern is the health and oral development of children. Pediatric dentists thoroughly know temporary teeth, growth stages, preventive measures and the most appropriate treatment for each child. The treatments we offer meet the highest standards of pediatric [&hellip;]","og_url":"https:\/\/clinicadrrull.com\/en\/pediatric-dentistry\/","og_site_name":"Cl\u00ednica Dr. Rull","article_modified_time":"2022-05-02T18:55:37+00:00","twitter_card":"summary_large_image","twitter_misc":{"Est. reading time":"3 minutes"},"schema":{"@context":"https:\/\/schema.org","@graph":[{"@type":"WebPage","@id":"https:\/\/clinicadrrull.com\/en\/pediatric-dentistry\/","url":"https:\/\/clinicadrrull.com\/en\/pediatric-dentistry\/","name":"Pediatric dentistry - Cl\u00ednica Dr. Rull","isPartOf":{"@id":"https:\/\/clinicadrrull.com\/#website"},"datePublished":"2021-05-25T14:32:10+00:00","dateModified":"2022-05-02T18:55:37+00:00","breadcrumb":{"@id":"https:\/\/clinicadrrull.com\/en\/pediatric-dentistry\/#breadcrumb"},"inLanguage":"en-US","potentialAction":[{"@type":"ReadAction","target":["https:\/\/clinicadrrull.com\/en\/pediatric-dentistry\/"]}]},{"@type":"BreadcrumbList","@id":"https:\/\/clinicadrrull.com\/en\/pediatric-dentistry\/#breadcrumb","itemListElement":[{"@type":"ListItem","position":1,"name":"Portada","item":"https:\/\/clinicadrrull.com\/en\/home-2024-2\/"},{"@type":"ListItem","position":2,"name":"Pediatric dentistry"}]},{"@type":"WebSite","@id":"https:\/\/clinicadrrull.com\/#website","url":"https:\/\/clinicadrrull.com\/","name":"Cl\u00ednica Dr. Rull","description":"Tu cl\u00ednica dental y centro m\u00e9dico de confianza en Ibiza","potentialAction":[{"@type":"SearchAction","target":{"@type":"EntryPoint","urlTemplate":"https:\/\/clinicadrrull.com\/?s={search_term_string}"},"query-input":{"@type":"PropertyValueSpecification","valueRequired":true,"valueName":"search_term_string"}}],"inLanguage":"en-US"}]}},"_links":{"self":[{"href":"https:\/\/clinicadrrull.com\/en\/wp-json\/wp\/v2\/pages\/3511","targetHints":{"allow":["GET"]}}],"collection":[{"href":"https:\/\/clinicadrrull.com\/en\/wp-json\/wp\/v2\/pages"}],"about":[{"href":"https:\/\/clinicadrrull.com\/en\/wp-json\/wp\/v2\/types\/page"}],"author":[{"embeddable":true,"href":"https:\/\/clinicadrrull.com\/en\/wp-json\/wp\/v2\/users\/1"}],"replies":[{"embeddable":true,"href":"https:\/\/clinicadrrull.com\/en\/wp-json\/wp\/v2\/comments?post=3511"}],"version-history":[{"count":0,"href":"https:\/\/clinicadrrull.com\/en\/wp-json\/wp\/v2\/pages\/3511\/revisions"}],"wp:attachment":[{"href":"https:\/\/clinicadrrull.com\/en\/wp-json\/wp\/v2\/media?parent=3511"}],"curies":[{"name":"wp","href":"https:\/\/api.w.org\/{rel}","templated":true}]}}