{"id":3542,"date":"2021-05-25T14:53:55","date_gmt":"2021-05-25T14:53:55","guid":{"rendered":"https:\/\/clinicadrrull.com\/periodontics\/"},"modified":"2022-05-02T21:01:43","modified_gmt":"2022-05-02T19:01:43","slug":"periodontics","status":"publish","type":"page","link":"https:\/\/clinicadrrull.com\/en\/periodontics\/","title":{"rendered":"Periodontics"},"content":{"rendered":"\t\t<div data-elementor-type=\"wp-post\" data-elementor-id=\"3542\" class=\"elementor elementor-3542 elementor-3344\" data-elementor-post-type=\"page\">\n\t\t\t\t\t\t<section class=\"elementor-section elementor-top-section elementor-element elementor-element-4a887ce elementor-section-boxed elementor-section-height-default elementor-section-height-default\" data-id=\"4a887ce\" data-element_type=\"section\" data-e-type=\"section\" data-settings=\"{&quot;background_background&quot;:&quot;classic&quot;}\">\n\t\t\t\t\t\t<div class=\"elementor-container elementor-column-gap-default\">\n\t\t\t\t\t<div class=\"elementor-column elementor-col-50 elementor-top-column elementor-element elementor-element-a2e0594\" data-id=\"a2e0594\" data-element_type=\"column\" data-e-type=\"column\" data-settings=\"{&quot;background_background&quot;:&quot;classic&quot;}\">\n\t\t\t<div class=\"elementor-widget-wrap elementor-element-populated\">\n\t\t\t\t\t\t<div class=\"elementor-element elementor-element-920db43 elementor-widget elementor-widget-heading\" data-id=\"920db43\" data-element_type=\"widget\" data-e-type=\"widget\" data-widget_type=\"heading.default\">\n\t\t\t\t\t<h3 class=\"elementor-heading-title elementor-size-default\">Periodontics<\/h3>\t\t\t\t<\/div>\n\t\t\t\t\t<\/div>\n\t\t<\/div>\n\t\t\t\t<div class=\"elementor-column elementor-col-50 elementor-top-column elementor-element elementor-element-ca9952c\" data-id=\"ca9952c\" data-element_type=\"column\" data-e-type=\"column\">\n\t\t\t<div class=\"elementor-widget-wrap\">\n\t\t\t\t\t\t\t<\/div>\n\t\t<\/div>\n\t\t\t\t\t<\/div>\n\t\t<\/section>\n\t\t\t\t<section class=\"elementor-section elementor-top-section elementor-element elementor-element-0a1cc3d elementor-section-boxed elementor-section-height-default elementor-section-height-default\" data-id=\"0a1cc3d\" data-element_type=\"section\" data-e-type=\"section\">\n\t\t\t\t\t\t<div class=\"elementor-container elementor-column-gap-extended\">\n\t\t\t\t\t<div class=\"elementor-column elementor-col-50 elementor-top-column elementor-element elementor-element-0aa94f6\" data-id=\"0aa94f6\" data-element_type=\"column\" data-e-type=\"column\">\n\t\t\t<div class=\"elementor-widget-wrap elementor-element-populated\">\n\t\t\t\t\t\t<div class=\"elementor-element elementor-element-7d0966f prueba elementor-widget elementor-widget-text-editor\" data-id=\"7d0966f\" data-element_type=\"widget\" data-e-type=\"widget\" data-widget_type=\"text-editor.default\">\n\t\t\t\t\t\t\t\t\t<p><strong>What is periodontics?<\/strong> It is a specialty of dentistry that studies the prevention, diagnosis and treatment of diseases that in one way or another affect <strong>the gums, root cement and alveolar bone.<\/strong><\/p>\n<p>The main periodontal diseases are <strong>gingivitis<\/strong> (inflammation with bleeding gums) and <strong>periodontitis<\/strong> (destruction of the bone that supports the teeth). Untreated gingivitis usually leads to periodontitis, commonly known as pyorrhea, and ends with <strong>the loss of teeth.<\/strong><\/p>\n<p>Gingivitis can be reversed by deflating the gums, beginning with <strong>good oral hygiene<\/strong>to control plaque, and continuing with the removal of tartar, periodontal pockets, and other harmful agents.<\/p>\n<p>A favorable control of periodontal disease requires a program aimed at maintaining and improving the results of the initial treatment, as well as preventing the appearance of new conditions. This is the commitment that we have with our patients at <strong>Dr. Rull Clinic<\/strong>. The prevention or detection of periodontal diseases in their initial stages is the only way to <strong>ensure their control.<\/strong><\/p>\n<p>Thanks to this conviction and the extensive experience of our multidisciplinary team, we can accompany our patients in the different stages of evolution of this type of disease, in order to make the <strong>periodontal treatment<\/strong>process more pleasant for them.<\/p>\n\t\t\t\t\t\t\t\t<\/div>\n\t\t\t\t<div class=\"elementor-element elementor-element-118ff4f prueba elementor-widget elementor-widget-text-editor\" data-id=\"118ff4f\" data-element_type=\"widget\" data-e-type=\"widget\" data-widget_type=\"text-editor.default\">\n\t\t\t\t\t\t\t\t\t<h6><span style=\"color: #333333;\"><strong>If you think you are developing this pathology, don&#8217;t wait any longer and schedule your appointment now.<br \/>\n<\/strong><\/span><\/h6>\n\t\t\t\t\t\t\t\t<\/div>\n\t\t\t\t\t<\/div>\n\t\t<\/div>\n\t\t\t\t<div class=\"elementor-column elementor-col-50 elementor-top-column elementor-element elementor-element-51ac9ab elementor-hidden-tablet\" data-id=\"51ac9ab\" data-element_type=\"column\" data-e-type=\"column\">\n\t\t\t<div class=\"elementor-widget-wrap elementor-element-populated\">\n\t\t\t\t\t\t<div class=\"elementor-element elementor-element-b03738a elementor-hidden-phone elementor-widget elementor-widget-wgl-portfolio\" data-id=\"b03738a\" data-element_type=\"widget\" data-e-type=\"widget\" data-widget_type=\"wgl-portfolio.default\">\n\t\t\t\t<div class=\"elementor-widget-container\">\n\t\t\t\t\t<section class=\"wgl_cpt_section\"><div class=\"wgl-portfolio\" id=\"portfolio_module_6a04ce586b815\"><div class=\"wgl-portfolio_wrapper\"><div class=\"wgl-portfolio_container container-grid row grid portfolio_columns-2 appear-animation anim-fade-in\"  style=\"margin-right:-2.5px; margin-left:-2.5px; margin-bottom:-5px;\"><\/div><\/div><\/div><\/section>\t\t\t\t<\/div>\n\t\t\t\t<\/div>\n\t\t\t\t\t<\/div>\n\t\t<\/div>\n\t\t\t\t\t<\/div>\n\t\t<\/section>\n\t\t\t\t<section class=\"elementor-section elementor-top-section elementor-element elementor-element-a234350 elementor-section-boxed elementor-section-height-default elementor-section-height-default\" data-id=\"a234350\" data-element_type=\"section\" data-e-type=\"section\">\n\t\t\t\t\t\t<div class=\"elementor-container elementor-column-gap-default\">\n\t\t\t\t\t<div class=\"elementor-column elementor-col-100 elementor-top-column elementor-element elementor-element-8930cd3\" data-id=\"8930cd3\" data-element_type=\"column\" data-e-type=\"column\">\n\t\t\t<div class=\"elementor-widget-wrap elementor-element-populated\">\n\t\t\t\t\t\t<div class=\"elementor-element elementor-element-b6b2af3 elementor-widget elementor-widget-spacer\" data-id=\"b6b2af3\" data-element_type=\"widget\" data-e-type=\"widget\" data-widget_type=\"spacer.default\">\n\t\t\t\t\t\t\t<div class=\"elementor-spacer\">\n\t\t\t<div class=\"elementor-spacer-inner\"><\/div>\n\t\t<\/div>\n\t\t\t\t\t\t<\/div>\n\t\t\t\t<div class=\"elementor-element elementor-element-1cd2f8a elementor-widget elementor-widget-heading\" data-id=\"1cd2f8a\" data-element_type=\"widget\" data-e-type=\"widget\" data-widget_type=\"heading.default\">\n\t\t\t\t\t<h4 class=\"elementor-heading-title elementor-size-default\">Our specialists:<\/h4>\t\t\t\t<\/div>\n\t\t\t\t<div class=\"elementor-element elementor-element-eb6b85a elementor-widget elementor-widget-wgl-team\" data-id=\"eb6b85a\" data-element_type=\"widget\" data-e-type=\"widget\" data-widget_type=\"wgl-team.default\">\n\t\t\t\t<div class=\"elementor-widget-container\">\n\t\t\t\t\t\r\n        <div id=medify_team_6a04ce5870409 class=\"wgl_module_team team-col_4 aleft\">\r\n            <div class=\"team-items_wrap\"  style=\"margin-right:-15px; margin-left:-15px;\" >\r\n                <div class=\"team-item\" style=\"padding-right:15px; padding-left:15px; padding-bottom:30px;\"><div class=\"team-item_wrap\"><div class=\"team-item_content\"><div class=\"team-image\"><img decoding=\"async\" src=\"https:\/\/clinicadrrull.com\/wp-content\/uploads\/2021\/02\/especialista-jlrullrivera-C-540x640.jpg\" alt=\"\" \/><\/div><\/div><div class=\"team-item_info\"><div class=\"team-item_titles\"><h2 class=\"team-title\"><a href=\"https:\/\/clinicadrrull.com\/en\/team\/jose-luis-rull-rivera\/\">Jos\u00e9 Luis Rull Rivera<\/a><\/h2><div class=\"team-department\">Cosmetic Dentistry, Endodontics, Periodontics and Implants.<\/div><\/div><\/div><\/div><\/div><div class=\"team-item\" style=\"padding-right:15px; padding-left:15px; padding-bottom:30px;\"><div class=\"team-item_wrap\"><div class=\"team-item_content\"><div class=\"team-image\"><img decoding=\"async\" src=\"https:\/\/clinicadrrull.com\/wp-content\/uploads\/2019\/08\/Alejandro-Castano-Aguilar-1-540x640.jpg\" alt=\"\" \/><\/div><\/div><div class=\"team-item_info\"><div class=\"team-item_titles\"><h2 class=\"team-title\"><a href=\"https:\/\/clinicadrrull.com\/en\/team\/alejandro-castano-aguilar\/\">Alejandro Casta\u00f1o Aguilar<\/a><\/h2><div class=\"team-department\">Surgery and Periodontics<\/div><\/div><\/div><\/div><\/div>            <\/div>\r\n        <\/div>\r\n\r\n        \t\t\t\t<\/div>\n\t\t\t\t<\/div>\n\t\t\t\t\t<\/div>\n\t\t<\/div>\n\t\t\t\t\t<\/div>\n\t\t<\/section>\n\t\t\t\t<section class=\"elementor-section elementor-top-section elementor-element elementor-element-856b158 elementor-section-boxed elementor-section-height-default elementor-section-height-default\" data-id=\"856b158\" data-element_type=\"section\" data-e-type=\"section\" data-settings=\"{&quot;background_background&quot;:&quot;classic&quot;}\">\n\t\t\t\t\t\t<div class=\"elementor-container elementor-column-gap-default\">\n\t\t\t\t\t<div class=\"elementor-column elementor-col-100 elementor-top-column elementor-element elementor-element-400c0ff4\" data-id=\"400c0ff4\" data-element_type=\"column\" data-e-type=\"column\">\n\t\t\t<div class=\"elementor-widget-wrap elementor-element-populated\">\n\t\t\t\t\t\t<section class=\"elementor-section elementor-inner-section elementor-element elementor-element-43de2eeb elementor-section-content-middle elementor-section-boxed elementor-section-height-default elementor-section-height-default\" data-id=\"43de2eeb\" data-element_type=\"section\" data-e-type=\"section\" data-settings=\"{&quot;background_background&quot;:&quot;classic&quot;}\">\n\t\t\t\t\t\t<div class=\"elementor-container elementor-column-gap-default\">\n\t\t\t\t\t<div class=\"elementor-column elementor-col-33 elementor-inner-column elementor-element elementor-element-46af5351\" data-id=\"46af5351\" data-element_type=\"column\" data-e-type=\"column\" data-settings=\"{&quot;background_background&quot;:&quot;classic&quot;}\">\n\t\t\t<div class=\"elementor-widget-wrap elementor-element-populated\">\n\t\t\t\t\t\t<div class=\"elementor-element elementor-element-54b26597 elementor-widget elementor-widget-spacer\" data-id=\"54b26597\" data-element_type=\"widget\" data-e-type=\"widget\" data-widget_type=\"spacer.default\">\n\t\t\t\t\t\t\t<div class=\"elementor-spacer\">\n\t\t\t<div class=\"elementor-spacer-inner\"><\/div>\n\t\t<\/div>\n\t\t\t\t\t\t<\/div>\n\t\t\t\t<div class=\"elementor-element elementor-element-60d0ca5e elementor-widget elementor-widget-wgl-double-headings\" data-id=\"60d0ca5e\" data-element_type=\"widget\" data-e-type=\"widget\" data-widget_type=\"wgl-double-headings.default\">\n\t\t\t\t<div class=\"elementor-widget-container\">\n\t\t\t\t\t<div class=\"wgl-double_heading aleft\">                <h3 class=\"dbl-title_wrapper\"><span class=\"dbl-title dbl-title_1\">Request your appointment online in a<\/span> <span class=\"dbl-title dbl-title_2\">few minutes.<\/span>                 <\/h3>        <\/div>\t\t\t\t<\/div>\n\t\t\t\t<\/div>\n\t\t\t\t<div class=\"elementor-element elementor-element-33371992 elementor-widget elementor-widget-spacer\" data-id=\"33371992\" data-element_type=\"widget\" data-e-type=\"widget\" data-widget_type=\"spacer.default\">\n\t\t\t\t\t\t\t<div class=\"elementor-spacer\">\n\t\t\t<div class=\"elementor-spacer-inner\"><\/div>\n\t\t<\/div>\n\t\t\t\t\t\t<\/div>\n\t\t\t\t\t<\/div>\n\t\t<\/div>\n\t\t\t\t<div class=\"elementor-column elementor-col-66 elementor-inner-column elementor-element elementor-element-55c59d6e\" data-id=\"55c59d6e\" data-element_type=\"column\" data-e-type=\"column\">\n\t\t\t<div class=\"elementor-widget-wrap elementor-element-populated\">\n\t\t\t\t\t\t<div class=\"elementor-element elementor-element-24184fb2 elementor-widget elementor-widget-text-editor\" data-id=\"24184fb2\" data-element_type=\"widget\" data-e-type=\"widget\" data-widget_type=\"text-editor.default\">\n\t\t\t\t\t\t\t\t\t\n<div class=\"wpcf7 no-js\" id=\"wpcf7-f4564-o1\" lang=\"en-US\" dir=\"ltr\" data-wpcf7-id=\"4564\">\n<div class=\"screen-reader-response\"><p role=\"status\" aria-live=\"polite\" aria-atomic=\"true\"><\/p> <ul><\/ul><\/div>\n<form action=\"\/en\/wp-json\/wp\/v2\/pages\/3542#wpcf7-f4564-o1\" method=\"post\" class=\"wpcf7-form init\" aria-label=\"Contact form\" novalidate=\"novalidate\" data-status=\"init\">\n<fieldset class=\"hidden-fields-container\"><input type=\"hidden\" name=\"_wpcf7\" value=\"4564\" \/><input type=\"hidden\" name=\"_wpcf7_version\" value=\"6.1.4\" \/><input type=\"hidden\" name=\"_wpcf7_locale\" value=\"en_US\" \/><input type=\"hidden\" name=\"_wpcf7_unit_tag\" value=\"wpcf7-f4564-o1\" \/><input type=\"hidden\" name=\"_wpcf7_container_post\" value=\"0\" \/><input type=\"hidden\" name=\"_wpcf7_posted_data_hash\" value=\"\" \/><input type=\"hidden\" name=\"_wpcf7_recaptcha_response\" value=\"\" \/>\n<\/fieldset>\n<div class='row choose-1'>\n<div class='wgl_col-6'>\n<span class=\"wpcf7-form-control-wrap\" data-name=\"nombre\"><input size=\"40\" maxlength=\"400\" class=\"wpcf7-form-control wpcf7-text\" aria-invalid=\"false\" placeholder=\"Your full name*\" value=\"\" type=\"text\" name=\"nombre\" \/><\/span>\n<\/div>\n<div class='wgl_col-6'>\n<span class=\"wpcf7-form-control-wrap\" data-name=\"telrull\"><input size=\"40\" maxlength=\"400\" class=\"wpcf7-form-control wpcf7-tel wpcf7-validates-as-required wpcf7-text wpcf7-validates-as-tel\" aria-required=\"true\" aria-invalid=\"false\" placeholder=\"Your phone number\" value=\"\" type=\"tel\" name=\"telrull\" \/><\/span>\n<\/div>\n<div class='wgl_col-6'>\n<span class=\"wpcf7-form-control-wrap\" data-name=\"email-613\"><input size=\"40\" maxlength=\"400\" class=\"wpcf7-form-control wpcf7-email wpcf7-validates-as-required wpcf7-text wpcf7-validates-as-email\" aria-required=\"true\" aria-invalid=\"false\" placeholder=\"Your email address *\" value=\"\" type=\"email\" name=\"email-613\" \/><\/span>\n<\/div>\n<div class='wgl_col-6'>\n<span class=\"wpcf7-form-control-wrap\" data-name=\"motivo-consulta\"><select class=\"wpcf7-form-control wpcf7-select\" aria-invalid=\"false\" name=\"motivo-consulta\"><option value=\"Reason for your visit?\">Reason for your visit?<\/option><option value=\"First visit\">First visit<\/option><option value=\"Assessment for orthodontics\">Assessment for orthodontics<\/option><option value=\"I need an implant\">I need an implant<\/option><option value=\"I want a teeth whitening\">I want a teeth whitening<\/option><option value=\"Visit to the pediatric dentistry\">Visit to the pediatric dentistry<\/option><option value=\"Dental hygiene and annual check-up\">Dental hygiene and annual check-up<\/option><option value=\"My gums bleed\">My gums bleed<\/option><option value=\"I am in pain\">I am in pain<\/option><option value=\"Other\">Other<\/option><\/select><\/span>\n<\/div>\n<div class='wgl_col-12'>\n<span class=\"wpcf7-form-control-wrap\" data-name=\"comentario\"><input size=\"40\" maxlength=\"400\" class=\"wpcf7-form-control wpcf7-text\" aria-invalid=\"false\" placeholder=\"Any additional comment you would like to leave? *\" value=\"\" type=\"text\" name=\"comentario\" \/><\/span>\n<\/div>\n<div class='wgl_col-12'>\n<input class=\"wpcf7-form-control wpcf7-submit has-spinner\" type=\"submit\" value=\"Request my appointment\" \/>\n<\/div>\n<\/div><div class=\"wpcf7-response-output\" aria-hidden=\"true\"><\/div>\n<\/form>\n<\/div>\n\t\t\t\t\t\t\t\t<\/div>\n\t\t\t\t\t<\/div>\n\t\t<\/div>\n\t\t\t\t\t<\/div>\n\t\t<\/section>\n\t\t\t\t\t<\/div>\n\t\t<\/div>\n\t\t\t\t\t<\/div>\n\t\t<\/section>\n\t\t\t\t<\/div>\n\t\t","protected":false},"excerpt":{"rendered":"<p>Periodontics What is periodontics? It is a specialty of dentistry that studies the prevention, diagnosis and treatment of diseases that in one way or another affect the gums, root cement and alveolar bone. The main periodontal diseases are gingivitis (inflammation with bleeding gums) and periodontitis (destruction of the bone that supports the teeth). Untreated gingivitis [&hellip;]<\/p>\n","protected":false},"author":1,"featured_media":0,"parent":0,"menu_order":0,"comment_status":"closed","ping_status":"closed","template":"","meta":{"footnotes":""},"class_list":["post-3542","page","type-page","status-publish","hentry"],"yoast_head":"<!-- This site is optimized with the Yoast SEO plugin v27.4 - https:\/\/yoast.com\/product\/yoast-seo-wordpress\/ -->\n<title>Periodontics - Cl\u00ednica Dr. Rull<\/title>\n<meta name=\"robots\" content=\"index, follow, max-snippet:-1, max-image-preview:large, max-video-preview:-1\" \/>\n<link rel=\"canonical\" href=\"https:\/\/clinicadrrull.com\/en\/periodontics\/\" \/>\n<meta property=\"og:locale\" content=\"en_US\" \/>\n<meta property=\"og:type\" content=\"article\" \/>\n<meta property=\"og:title\" content=\"Periodontics - Cl\u00ednica Dr. Rull\" \/>\n<meta property=\"og:description\" content=\"Periodontics What is periodontics? It is a specialty of dentistry that studies the prevention, diagnosis and treatment of diseases that in one way or another affect the gums, root cement and alveolar bone. The main periodontal diseases are gingivitis (inflammation with bleeding gums) and periodontitis (destruction of the bone that supports the teeth). Untreated gingivitis [&hellip;]\" \/>\n<meta property=\"og:url\" content=\"https:\/\/clinicadrrull.com\/en\/periodontics\/\" \/>\n<meta property=\"og:site_name\" content=\"Cl\u00ednica Dr. Rull\" \/>\n<meta property=\"article:modified_time\" content=\"2022-05-02T19:01:43+00:00\" \/>\n<meta name=\"twitter:card\" content=\"summary_large_image\" \/>\n<meta name=\"twitter:label1\" content=\"Est. reading time\" \/>\n\t<meta name=\"twitter:data1\" content=\"2 minutes\" \/>\n<script type=\"application\/ld+json\" class=\"yoast-schema-graph\">{\"@context\":\"https:\\\/\\\/schema.org\",\"@graph\":[{\"@type\":\"WebPage\",\"@id\":\"https:\\\/\\\/clinicadrrull.com\\\/en\\\/periodontics\\\/\",\"url\":\"https:\\\/\\\/clinicadrrull.com\\\/en\\\/periodontics\\\/\",\"name\":\"Periodontics - Cl\u00ednica Dr. Rull\",\"isPartOf\":{\"@id\":\"https:\\\/\\\/clinicadrrull.com\\\/#website\"},\"datePublished\":\"2021-05-25T14:53:55+00:00\",\"dateModified\":\"2022-05-02T19:01:43+00:00\",\"breadcrumb\":{\"@id\":\"https:\\\/\\\/clinicadrrull.com\\\/en\\\/periodontics\\\/#breadcrumb\"},\"inLanguage\":\"en-US\",\"potentialAction\":[{\"@type\":\"ReadAction\",\"target\":[\"https:\\\/\\\/clinicadrrull.com\\\/en\\\/periodontics\\\/\"]}]},{\"@type\":\"BreadcrumbList\",\"@id\":\"https:\\\/\\\/clinicadrrull.com\\\/en\\\/periodontics\\\/#breadcrumb\",\"itemListElement\":[{\"@type\":\"ListItem\",\"position\":1,\"name\":\"Portada\",\"item\":\"https:\\\/\\\/clinicadrrull.com\\\/en\\\/home-2024-2\\\/\"},{\"@type\":\"ListItem\",\"position\":2,\"name\":\"Periodontics\"}]},{\"@type\":\"WebSite\",\"@id\":\"https:\\\/\\\/clinicadrrull.com\\\/#website\",\"url\":\"https:\\\/\\\/clinicadrrull.com\\\/\",\"name\":\"Cl\u00ednica Dr. Rull\",\"description\":\"Tu cl\u00ednica dental y centro m\u00e9dico de confianza en Ibiza\",\"potentialAction\":[{\"@type\":\"SearchAction\",\"target\":{\"@type\":\"EntryPoint\",\"urlTemplate\":\"https:\\\/\\\/clinicadrrull.com\\\/?s={search_term_string}\"},\"query-input\":{\"@type\":\"PropertyValueSpecification\",\"valueRequired\":true,\"valueName\":\"search_term_string\"}}],\"inLanguage\":\"en-US\"}]}<\/script>\n<!-- \/ Yoast SEO plugin. -->","yoast_head_json":{"title":"Periodontics - Cl\u00ednica Dr. Rull","robots":{"index":"index","follow":"follow","max-snippet":"max-snippet:-1","max-image-preview":"max-image-preview:large","max-video-preview":"max-video-preview:-1"},"canonical":"https:\/\/clinicadrrull.com\/en\/periodontics\/","og_locale":"en_US","og_type":"article","og_title":"Periodontics - Cl\u00ednica Dr. Rull","og_description":"Periodontics What is periodontics? It is a specialty of dentistry that studies the prevention, diagnosis and treatment of diseases that in one way or another affect the gums, root cement and alveolar bone. The main periodontal diseases are gingivitis (inflammation with bleeding gums) and periodontitis (destruction of the bone that supports the teeth). Untreated gingivitis [&hellip;]","og_url":"https:\/\/clinicadrrull.com\/en\/periodontics\/","og_site_name":"Cl\u00ednica Dr. Rull","article_modified_time":"2022-05-02T19:01:43+00:00","twitter_card":"summary_large_image","twitter_misc":{"Est. reading time":"2 minutes"},"schema":{"@context":"https:\/\/schema.org","@graph":[{"@type":"WebPage","@id":"https:\/\/clinicadrrull.com\/en\/periodontics\/","url":"https:\/\/clinicadrrull.com\/en\/periodontics\/","name":"Periodontics - Cl\u00ednica Dr. Rull","isPartOf":{"@id":"https:\/\/clinicadrrull.com\/#website"},"datePublished":"2021-05-25T14:53:55+00:00","dateModified":"2022-05-02T19:01:43+00:00","breadcrumb":{"@id":"https:\/\/clinicadrrull.com\/en\/periodontics\/#breadcrumb"},"inLanguage":"en-US","potentialAction":[{"@type":"ReadAction","target":["https:\/\/clinicadrrull.com\/en\/periodontics\/"]}]},{"@type":"BreadcrumbList","@id":"https:\/\/clinicadrrull.com\/en\/periodontics\/#breadcrumb","itemListElement":[{"@type":"ListItem","position":1,"name":"Portada","item":"https:\/\/clinicadrrull.com\/en\/home-2024-2\/"},{"@type":"ListItem","position":2,"name":"Periodontics"}]},{"@type":"WebSite","@id":"https:\/\/clinicadrrull.com\/#website","url":"https:\/\/clinicadrrull.com\/","name":"Cl\u00ednica Dr. Rull","description":"Tu cl\u00ednica dental y centro m\u00e9dico de confianza en Ibiza","potentialAction":[{"@type":"SearchAction","target":{"@type":"EntryPoint","urlTemplate":"https:\/\/clinicadrrull.com\/?s={search_term_string}"},"query-input":{"@type":"PropertyValueSpecification","valueRequired":true,"valueName":"search_term_string"}}],"inLanguage":"en-US"}]}},"_links":{"self":[{"href":"https:\/\/clinicadrrull.com\/en\/wp-json\/wp\/v2\/pages\/3542","targetHints":{"allow":["GET"]}}],"collection":[{"href":"https:\/\/clinicadrrull.com\/en\/wp-json\/wp\/v2\/pages"}],"about":[{"href":"https:\/\/clinicadrrull.com\/en\/wp-json\/wp\/v2\/types\/page"}],"author":[{"embeddable":true,"href":"https:\/\/clinicadrrull.com\/en\/wp-json\/wp\/v2\/users\/1"}],"replies":[{"embeddable":true,"href":"https:\/\/clinicadrrull.com\/en\/wp-json\/wp\/v2\/comments?post=3542"}],"version-history":[{"count":0,"href":"https:\/\/clinicadrrull.com\/en\/wp-json\/wp\/v2\/pages\/3542\/revisions"}],"wp:attachment":[{"href":"https:\/\/clinicadrrull.com\/en\/wp-json\/wp\/v2\/media?parent=3542"}],"curies":[{"name":"wp","href":"https:\/\/api.w.org\/{rel}","templated":true}]}}