{"id":4675,"date":"2022-05-04T03:32:56","date_gmt":"2022-05-04T01:32:56","guid":{"rendered":"https:\/\/clinicadrrull.com\/work-with-us\/"},"modified":"2022-05-04T03:42:42","modified_gmt":"2022-05-04T01:42:42","slug":"work-with-us","status":"publish","type":"page","link":"https:\/\/clinicadrrull.com\/en\/work-with-us\/","title":{"rendered":"Work with us"},"content":{"rendered":"\t\t<div data-elementor-type=\"wp-post\" data-elementor-id=\"4675\" class=\"elementor elementor-4675 elementor-4199\" data-elementor-post-type=\"page\">\n\t\t\t\t\t\t<section class=\"elementor-section elementor-top-section elementor-element elementor-element-5bc82740 elementor-section-boxed elementor-section-height-default elementor-section-height-default\" data-id=\"5bc82740\" data-element_type=\"section\" data-e-type=\"section\" data-settings=\"{&quot;background_background&quot;:&quot;classic&quot;}\">\n\t\t\t\t\t\t<div class=\"elementor-container elementor-column-gap-default\">\n\t\t\t\t\t<div class=\"elementor-column elementor-col-50 elementor-top-column elementor-element elementor-element-18a44ee6\" data-id=\"18a44ee6\" data-element_type=\"column\" data-e-type=\"column\" data-settings=\"{&quot;background_background&quot;:&quot;classic&quot;}\">\n\t\t\t<div class=\"elementor-widget-wrap elementor-element-populated\">\n\t\t\t\t\t\t<div class=\"elementor-element elementor-element-14f40516 elementor-widget elementor-widget-heading\" data-id=\"14f40516\" data-element_type=\"widget\" data-e-type=\"widget\" data-widget_type=\"heading.default\">\n\t\t\t\t\t<h3 class=\"elementor-heading-title elementor-size-default\">Work with us<\/h3>\t\t\t\t<\/div>\n\t\t\t\t\t<\/div>\n\t\t<\/div>\n\t\t\t\t<div class=\"elementor-column elementor-col-50 elementor-top-column elementor-element elementor-element-75408563\" data-id=\"75408563\" data-element_type=\"column\" data-e-type=\"column\">\n\t\t\t<div class=\"elementor-widget-wrap\">\n\t\t\t\t\t\t\t<\/div>\n\t\t<\/div>\n\t\t\t\t\t<\/div>\n\t\t<\/section>\n\t\t\t\t<section class=\"elementor-section elementor-top-section elementor-element elementor-element-1843dcd elementor-reverse-mobile elementor-section-boxed elementor-section-height-default elementor-section-height-default\" data-id=\"1843dcd\" data-element_type=\"section\" data-e-type=\"section\">\n\t\t\t\t\t\t<div class=\"elementor-container elementor-column-gap-extended\">\n\t\t\t\t\t<div class=\"elementor-column elementor-col-33 elementor-top-column elementor-element elementor-element-b878dc1\" data-id=\"b878dc1\" data-element_type=\"column\" data-e-type=\"column\">\n\t\t\t<div class=\"elementor-widget-wrap elementor-element-populated\">\n\t\t\t\t\t\t<div class=\"elementor-element elementor-element-dac0640 elementor-widget elementor-widget-wgl-double-headings\" data-id=\"dac0640\" data-element_type=\"widget\" data-e-type=\"widget\" data-widget_type=\"wgl-double-headings.default\">\n\t\t\t\t<div class=\"elementor-widget-container\">\n\t\t\t\t\t<div class=\"wgl-double_heading aleft\"><div class=\"dbl-subtitle\"><span>We are looking for you!<\/span><\/div>                <h3 class=\"dbl-title_wrapper\"><span class=\"dbl-title dbl-title_1\">Are you interested in joining Dr. Rull Clinic 's team?<\/span>                 <\/h3>        <\/div>\t\t\t\t<\/div>\n\t\t\t\t<\/div>\n\t\t\t\t<div class=\"elementor-element elementor-element-c186537 elementor-widget elementor-widget-text-editor\" data-id=\"c186537\" data-element_type=\"widget\" data-e-type=\"widget\" data-widget_type=\"text-editor.default\">\n\t\t\t\t\t\t\t\t\t<p>If you are a professional in the dentistry field and you would like to be part of the trusted dental clinic in Ibiza&#8230; This is your opportunity! At the Dr. Rull Clinic we are constantly incorporating new talents into our team and you can be part of it!<\/p><p>\u00a0<\/p><p>\u00a0<\/p><p>Complete the following form and attach your resume, so the team can review your profile and get in contact with you for further information.<\/p>\t\t\t\t\t\t\t\t<\/div>\n\t\t\t\t\t<\/div>\n\t\t<\/div>\n\t\t\t\t<div class=\"elementor-column elementor-col-66 elementor-top-column elementor-element elementor-element-c5aabdd\" data-id=\"c5aabdd\" data-element_type=\"column\" data-e-type=\"column\">\n\t\t\t<div class=\"elementor-widget-wrap elementor-element-populated\">\n\t\t\t\t\t\t<div class=\"elementor-element elementor-element-378a683 elementor-widget elementor-widget-wgl-double-headings\" data-id=\"378a683\" data-element_type=\"widget\" data-e-type=\"widget\" data-widget_type=\"wgl-double-headings.default\">\n\t\t\t\t<div class=\"elementor-widget-container\">\n\t\t\t\t\t<div class=\"wgl-double_heading aleft\">                <h3 class=\"dbl-title_wrapper\"><span class=\"dbl-title dbl-title_1\">Curriculum vitae<\/span>                 <\/h3>        <\/div>\t\t\t\t<\/div>\n\t\t\t\t<\/div>\n\t\t\t\t<div class=\"elementor-element elementor-element-2bf65a9 elementor-widget elementor-widget-text-editor\" data-id=\"2bf65a9\" data-element_type=\"widget\" data-e-type=\"widget\" data-widget_type=\"text-editor.default\">\n\t\t\t\t\t\t\t\t\t\n<div class=\"wpcf7 no-js\" id=\"wpcf7-f4680-o1\" lang=\"en-US\" dir=\"ltr\" data-wpcf7-id=\"4680\">\n<div class=\"screen-reader-response\"><p role=\"status\" aria-live=\"polite\" aria-atomic=\"true\"><\/p> <ul><\/ul><\/div>\n<form action=\"\/en\/wp-json\/wp\/v2\/pages\/4675#wpcf7-f4680-o1\" method=\"post\" class=\"wpcf7-form init\" aria-label=\"Contact form\" enctype=\"multipart\/form-data\" novalidate=\"novalidate\" data-status=\"init\">\n<fieldset class=\"hidden-fields-container\"><input type=\"hidden\" name=\"_wpcf7\" value=\"4680\" \/><input type=\"hidden\" name=\"_wpcf7_version\" value=\"6.1.4\" \/><input type=\"hidden\" name=\"_wpcf7_locale\" value=\"en_US\" \/><input type=\"hidden\" name=\"_wpcf7_unit_tag\" value=\"wpcf7-f4680-o1\" \/><input type=\"hidden\" name=\"_wpcf7_container_post\" value=\"0\" \/><input type=\"hidden\" name=\"_wpcf7_posted_data_hash\" value=\"\" \/><input type=\"hidden\" name=\"_wpcf7_recaptcha_response\" value=\"\" \/>\n<\/fieldset>\n<div class='row choose-1'>\n<div class='wgl_col-12'>\nFull name *\n<span class=\"wpcf7-form-control-wrap\" data-name=\"nombre\"><input size=\"40\" maxlength=\"400\" class=\"wpcf7-form-control wpcf7-text\" aria-invalid=\"false\" placeholder=\"Ex: Juan David P\u00e9rez Rodr\u00edguez\" value=\"\" type=\"text\" name=\"nombre\" \/><\/span>\n<\/div>\n<div class='wgl_col-6'>\nEmail address\n<span class=\"wpcf7-form-control-wrap\" data-name=\"correo\"><input size=\"40\" maxlength=\"400\" class=\"wpcf7-form-control wpcf7-email wpcf7-validates-as-required wpcf7-text wpcf7-validates-as-email\" aria-required=\"true\" aria-invalid=\"false\" placeholder=\"Ex: juanperez@gmail.com\" value=\"\" type=\"email\" name=\"correo\" \/><\/span>\n<\/div>\n<div class='wgl_col-6'>\nTelephone number\n<span class=\"wpcf7-form-control-wrap\" data-name=\"telrull\"><input size=\"40\" maxlength=\"400\" class=\"wpcf7-form-control wpcf7-tel wpcf7-validates-as-required wpcf7-text wpcf7-validates-as-tel\" aria-required=\"true\" aria-invalid=\"false\" placeholder=\"Ex: 971313231\" value=\"\" type=\"tel\" name=\"telrull\" \/><\/span>\n<\/div>\n<div class='wgl_col-7'>\nDental specialty *\n<span class=\"wpcf7-form-control-wrap\" data-name=\"especialidad\"><input size=\"40\" maxlength=\"400\" class=\"wpcf7-form-control wpcf7-text wpcf7-validates-as-required\" aria-required=\"true\" aria-invalid=\"false\" placeholder=\"Ex: Orthodontics, Orthopedics\" value=\"\" type=\"text\" name=\"especialidad\" \/><\/span>\n<\/div>\n<div class='wgl_col-5'>\nGraduation Year *\n<span class=\"wpcf7-form-control-wrap\" data-name=\"graduacion\"><input size=\"40\" maxlength=\"400\" class=\"wpcf7-form-control wpcf7-text wpcf7-validates-as-required\" aria-required=\"true\" aria-invalid=\"false\" placeholder=\"Ej: 2005\" value=\"\" type=\"text\" name=\"graduacion\" \/><\/span>\n<\/div>\n<div class='wgl_col-12'>\nAttach your resume (Max: 10mb) *\n<span class=\"wpcf7-form-control-wrap\" data-name=\"curriculum\"><input size=\"40\" class=\"wpcf7-form-control wpcf7-file wpcf7-validates-as-required\" accept=\".pdf,.txt,.doc,.docx,.ppt,.pptx\" aria-required=\"true\" aria-invalid=\"false\" type=\"file\" name=\"curriculum\" \/><\/span>\n<\/div>\n<div class='wgl_col-12'>\nAny additional information you would like to add?\n<span class=\"wpcf7-form-control-wrap\" data-name=\"comentario\"><input size=\"40\" maxlength=\"400\" class=\"wpcf7-form-control wpcf7-text\" aria-invalid=\"false\" placeholder=\"Escr\u00edbelo aqu\u00ed\" value=\"\" type=\"text\" name=\"comentario\" \/><\/span>\n<\/div>\n<div class='wgl_col-12'>\n<span class=\"wpcf7-form-control-wrap\" data-name=\"aceptoterminos\"><span class=\"wpcf7-form-control wpcf7-acceptance\"><span class=\"wpcf7-list-item\"><label><input type=\"checkbox\" name=\"aceptoterminos\" value=\"1\" class=\"aceptarterminos\" aria-invalid=\"false\" \/><span class=\"wpcf7-list-item-label\">I have read and I accept the <a target=\"_blank\" rel=\"nofollow\" href=\"https:\/\/clinicadrrull.com\/wp-content\/uploads\/2022\/02\/Web-Curriculum-Vitae1.pdf\">data protection.<\/a>.<\/span><\/label><\/span><\/span><\/span>\n<\/div>\n<input class=\"wpcf7-form-control wpcf7-submit has-spinner\" type=\"submit\" value=\"Send CV\" \/>\n<\/div><div class=\"wpcf7-response-output\" aria-hidden=\"true\"><\/div>\n<\/form>\n<\/div>\n\t\t\t\t\t\t\t\t<\/div>\n\t\t\t\t\t<\/div>\n\t\t<\/div>\n\t\t\t\t\t<\/div>\n\t\t<\/section>\n\t\t\t\t<\/div>\n\t\t","protected":false},"excerpt":{"rendered":"<p>Work with us We are looking for you! Are you interested in joining Dr. Rull Clinic &#8216;s team? If you are a professional in the dentistry field and you would like to be part of the trusted dental clinic in Ibiza&#8230; This is your opportunity! At the Dr. Rull Clinic we are constantly incorporating new [&hellip;]<\/p>\n","protected":false},"author":1,"featured_media":0,"parent":0,"menu_order":0,"comment_status":"closed","ping_status":"closed","template":"","meta":{"footnotes":""},"class_list":["post-4675","page","type-page","status-publish","hentry"],"yoast_head":"<!-- This site is optimized with the Yoast SEO plugin v26.9 - https:\/\/yoast.com\/product\/yoast-seo-wordpress\/ -->\n<title>Work with us - Cl\u00ednica Dr. Rull<\/title>\n<meta name=\"robots\" content=\"index, follow, max-snippet:-1, max-image-preview:large, max-video-preview:-1\" \/>\n<link rel=\"canonical\" href=\"https:\/\/clinicadrrull.com\/en\/work-with-us\/\" \/>\n<meta property=\"og:locale\" content=\"en_US\" \/>\n<meta property=\"og:type\" content=\"article\" \/>\n<meta property=\"og:title\" content=\"Work with us - Cl\u00ednica Dr. Rull\" \/>\n<meta property=\"og:description\" content=\"Work with us We are looking for you! Are you interested in joining Dr. Rull Clinic &#8216;s team? If you are a professional in the dentistry field and you would like to be part of the trusted dental clinic in Ibiza&#8230; This is your opportunity! At the Dr. Rull Clinic we are constantly incorporating new [&hellip;]\" \/>\n<meta property=\"og:url\" content=\"https:\/\/clinicadrrull.com\/en\/work-with-us\/\" \/>\n<meta property=\"og:site_name\" content=\"Cl\u00ednica Dr. Rull\" \/>\n<meta property=\"article:modified_time\" content=\"2022-05-04T01:42:42+00:00\" \/>\n<meta name=\"twitter:card\" content=\"summary_large_image\" \/>\n<script type=\"application\/ld+json\" class=\"yoast-schema-graph\">{\"@context\":\"https:\/\/schema.org\",\"@graph\":[{\"@type\":\"WebPage\",\"@id\":\"https:\/\/clinicadrrull.com\/en\/work-with-us\/\",\"url\":\"https:\/\/clinicadrrull.com\/en\/work-with-us\/\",\"name\":\"Work with us - Cl\u00ednica Dr. Rull\",\"isPartOf\":{\"@id\":\"https:\/\/clinicadrrull.com\/#website\"},\"datePublished\":\"2022-05-04T01:32:56+00:00\",\"dateModified\":\"2022-05-04T01:42:42+00:00\",\"breadcrumb\":{\"@id\":\"https:\/\/clinicadrrull.com\/en\/work-with-us\/#breadcrumb\"},\"inLanguage\":\"en-US\",\"potentialAction\":[{\"@type\":\"ReadAction\",\"target\":[\"https:\/\/clinicadrrull.com\/en\/work-with-us\/\"]}]},{\"@type\":\"BreadcrumbList\",\"@id\":\"https:\/\/clinicadrrull.com\/en\/work-with-us\/#breadcrumb\",\"itemListElement\":[{\"@type\":\"ListItem\",\"position\":1,\"name\":\"Portada\",\"item\":\"https:\/\/clinicadrrull.com\/en\/home-2024-2\/\"},{\"@type\":\"ListItem\",\"position\":2,\"name\":\"Work with us\"}]},{\"@type\":\"WebSite\",\"@id\":\"https:\/\/clinicadrrull.com\/#website\",\"url\":\"https:\/\/clinicadrrull.com\/\",\"name\":\"Cl\u00ednica Dr. Rull\",\"description\":\"Tu cl\u00ednica dental y centro m\u00e9dico de confianza en Ibiza\",\"potentialAction\":[{\"@type\":\"SearchAction\",\"target\":{\"@type\":\"EntryPoint\",\"urlTemplate\":\"https:\/\/clinicadrrull.com\/?s={search_term_string}\"},\"query-input\":{\"@type\":\"PropertyValueSpecification\",\"valueRequired\":true,\"valueName\":\"search_term_string\"}}],\"inLanguage\":\"en-US\"}]}<\/script>\n<!-- \/ Yoast SEO plugin. -->","yoast_head_json":{"title":"Work with us - Cl\u00ednica Dr. Rull","robots":{"index":"index","follow":"follow","max-snippet":"max-snippet:-1","max-image-preview":"max-image-preview:large","max-video-preview":"max-video-preview:-1"},"canonical":"https:\/\/clinicadrrull.com\/en\/work-with-us\/","og_locale":"en_US","og_type":"article","og_title":"Work with us - Cl\u00ednica Dr. Rull","og_description":"Work with us We are looking for you! Are you interested in joining Dr. Rull Clinic &#8216;s team? If you are a professional in the dentistry field and you would like to be part of the trusted dental clinic in Ibiza&#8230; This is your opportunity! At the Dr. Rull Clinic we are constantly incorporating new [&hellip;]","og_url":"https:\/\/clinicadrrull.com\/en\/work-with-us\/","og_site_name":"Cl\u00ednica Dr. Rull","article_modified_time":"2022-05-04T01:42:42+00:00","twitter_card":"summary_large_image","schema":{"@context":"https:\/\/schema.org","@graph":[{"@type":"WebPage","@id":"https:\/\/clinicadrrull.com\/en\/work-with-us\/","url":"https:\/\/clinicadrrull.com\/en\/work-with-us\/","name":"Work with us - Cl\u00ednica Dr. Rull","isPartOf":{"@id":"https:\/\/clinicadrrull.com\/#website"},"datePublished":"2022-05-04T01:32:56+00:00","dateModified":"2022-05-04T01:42:42+00:00","breadcrumb":{"@id":"https:\/\/clinicadrrull.com\/en\/work-with-us\/#breadcrumb"},"inLanguage":"en-US","potentialAction":[{"@type":"ReadAction","target":["https:\/\/clinicadrrull.com\/en\/work-with-us\/"]}]},{"@type":"BreadcrumbList","@id":"https:\/\/clinicadrrull.com\/en\/work-with-us\/#breadcrumb","itemListElement":[{"@type":"ListItem","position":1,"name":"Portada","item":"https:\/\/clinicadrrull.com\/en\/home-2024-2\/"},{"@type":"ListItem","position":2,"name":"Work with us"}]},{"@type":"WebSite","@id":"https:\/\/clinicadrrull.com\/#website","url":"https:\/\/clinicadrrull.com\/","name":"Cl\u00ednica Dr. Rull","description":"Tu cl\u00ednica dental y centro m\u00e9dico de confianza en Ibiza","potentialAction":[{"@type":"SearchAction","target":{"@type":"EntryPoint","urlTemplate":"https:\/\/clinicadrrull.com\/?s={search_term_string}"},"query-input":{"@type":"PropertyValueSpecification","valueRequired":true,"valueName":"search_term_string"}}],"inLanguage":"en-US"}]}},"_links":{"self":[{"href":"https:\/\/clinicadrrull.com\/en\/wp-json\/wp\/v2\/pages\/4675","targetHints":{"allow":["GET"]}}],"collection":[{"href":"https:\/\/clinicadrrull.com\/en\/wp-json\/wp\/v2\/pages"}],"about":[{"href":"https:\/\/clinicadrrull.com\/en\/wp-json\/wp\/v2\/types\/page"}],"author":[{"embeddable":true,"href":"https:\/\/clinicadrrull.com\/en\/wp-json\/wp\/v2\/users\/1"}],"replies":[{"embeddable":true,"href":"https:\/\/clinicadrrull.com\/en\/wp-json\/wp\/v2\/comments?post=4675"}],"version-history":[{"count":0,"href":"https:\/\/clinicadrrull.com\/en\/wp-json\/wp\/v2\/pages\/4675\/revisions"}],"wp:attachment":[{"href":"https:\/\/clinicadrrull.com\/en\/wp-json\/wp\/v2\/media?parent=4675"}],"curies":[{"name":"wp","href":"https:\/\/api.w.org\/{rel}","templated":true}]}}